{"id":932,"date":"2024-10-06T22:49:26","date_gmt":"2024-10-06T20:49:26","guid":{"rendered":"https:\/\/ssog.ch\/?page_id=932"},"modified":"2024-10-14T11:40:40","modified_gmt":"2024-10-14T09:40:40","slug":"angebot-klassisch-tratiningscamp","status":"publish","type":"page","link":"https:\/\/sssow.ch\/fr\/angebot-klassisch-tratiningscamp\/","title":{"rendered":"Angebot &#8211; Klassisch Trainingscamp"},"content":{"rendered":"\n<h2 class=\"wp-block-heading\">Klassisch Trainingscamp<\/h2>\n\n\n\n<p>Klassisch Laufen ist im Trend. An zwei Wochenenden widmen wir uns intensiv dieser urspr\u00fcnglichsten und nat\u00fcrlichsten Form des Langlaufens. Innerhalb von zwei Tagen wirst Du&nbsp;<strong>sp\u00fcrbare Fortschritte machen und mit noch mehr Freude und Leichtigkeit klassisch Laufen<\/strong>. Wir verfeinern die Bewegungsabl\u00e4ufe und entwickeln daraus die verschiedenen Schrittarten. Ein besonderer Fokus liegt auf dem richtigen Timing und Rhythmus der Bewegungen sowie der Optimierung Deiner Technik.<\/p>\n\n\n\n<p>Der Kurs richtet sich an Langl\u00e4uferinnen und Langl\u00e4ufer aller Levels, welche die klassische Technik von Grund auf erlernen oder ihren Laufstil weiter verbessern m\u00f6chten.<\/p>\n\n\n\n<div class=\"wp-block-columns is-layout-flex wp-container-core-columns-is-layout-28f84493 wp-block-columns-is-layout-flex\">\n<div class=\"wp-block-column is-layout-flow wp-block-column-is-layout-flow\" style=\"flex-basis:66.66%\">\n<h5 class=\"wp-block-heading\">Leistungen<\/h5>\n\n\n\n<ul class=\"wp-block-list\">\n<li>4 x 2 Stunden Intensiv-Training<\/li>\n\n\n\n<li>Kleingruppen von 4 von bis maximal 6 Personen<\/li>\n<\/ul>\n\n\n\n<h5 class=\"wp-block-heading\">Optional zu Spezialkonditionen<\/h5>\n\n\n\n<ul class=\"wp-block-list\">\n<li>Wachsservice<\/li>\n\n\n\n<li>Langlauf-Mietausr\u00fcstung<\/li>\n<\/ul>\n\n\n\n<h5 class=\"wp-block-heading\">Kosten<\/h5>\n\n\n\n<p>CHF 250.\u2013 zahlbar mit Bank\u00fcberweisung oder per TWINT vor Kursbeginn<\/p>\n\n\n\n<h5 class=\"wp-block-heading\">Nicht inbegriffen<\/h5>\n\n\n\n<ul class=\"wp-block-list\">\n<li>\u00dcbernachtung ist Sache der Teilnehmenden. Gerne unterst\u00fctzen wir mit Empfehlungen<\/li>\n\n\n\n<li>Essen &amp; Getr\u00e4nke<\/li>\n\n\n\n<li>Loipenpass<\/li>\n<\/ul>\n<\/div>\n\n\n\n<div class=\"wp-block-column is-layout-flow wp-block-column-is-layout-flow\" style=\"flex-basis:33.33%\">\n<h5 class=\"wp-block-heading\">Zeiten<\/h5>\n\n\n\n<div class=\"wp-block-columns is-layout-flex wp-container-core-columns-is-layout-28f84493 wp-block-columns-is-layout-flex\">\n<div class=\"wp-block-column is-layout-flow wp-block-column-is-layout-flow\" style=\"flex-basis:20%\">\n<p>Samstag<\/p>\n<\/div>\n\n\n\n<div class=\"wp-block-column is-layout-flow wp-block-column-is-layout-flow\" style=\"flex-basis:80%\">\n<p>10.00 &#8211; 12.00 Uhr<br>14.00 &#8211; 16.00 Uhr<\/p>\n<\/div>\n<\/div>\n\n\n\n<div class=\"wp-block-columns is-layout-flex wp-container-core-columns-is-layout-28f84493 wp-block-columns-is-layout-flex\">\n<div class=\"wp-block-column is-layout-flow wp-block-column-is-layout-flow\" style=\"flex-basis:20%\">\n<p>Sonntag<\/p>\n<\/div>\n\n\n\n<div class=\"wp-block-column is-layout-flow wp-block-column-is-layout-flow\" style=\"flex-basis:80%\">\n<p>10.00 &#8211; 12.00 Uhr<br>13.00 &#8211; 15.00 Uhr<\/p>\n<\/div>\n<\/div>\n\n\n\n<h5 class=\"wp-block-heading\">Daten<\/h5>\n\n\n\n<div class=\"wp-block-columns is-layout-flex wp-container-core-columns-is-layout-28f84493 wp-block-columns-is-layout-flex\">\n<div class=\"wp-block-column is-layout-flow wp-block-column-is-layout-flow\" style=\"flex-basis:20%\">\n<p>Camp I<\/p>\n<\/div>\n\n\n\n<div class=\"wp-block-column is-layout-flow wp-block-column-is-layout-flow\" style=\"flex-basis:80%\">\n<p>Samstag, 01.2. \u2013 Sonntag 02.02.25<\/p>\n<\/div>\n<\/div>\n\n\n\n<div class=\"wp-block-columns is-layout-flex wp-container-core-columns-is-layout-28f84493 wp-block-columns-is-layout-flex\">\n<div class=\"wp-block-column is-layout-flow wp-block-column-is-layout-flow\" style=\"flex-basis:20%\">\n<p>Camp II<\/p>\n<\/div>\n\n\n\n<div class=\"wp-block-column is-layout-flow wp-block-column-is-layout-flow\" style=\"flex-basis:80%\">\n<p>Samstag, 15.02. \u2013 Sonntag, 16.02.25<\/p>\n<\/div>\n<\/div>\n\n\n\n<div class=\"wp-block-buttons is-content-justification-right is-layout-flex wp-container-core-buttons-is-layout-d445cf74 wp-block-buttons-is-layout-flex\">\n<div class=\"wp-block-button\"><a class=\"wp-block-button__link wp-element-button\" href=\"https:\/\/sssow.ch\/fr\/buchung-klassisch-trainingscamp\/\">Jetzt Anmelden<\/a><\/div>\n<\/div>\n<\/div>\n<\/div>\n","protected":false},"excerpt":{"rendered":"<p>Klassisch Trainingscamp Klassisch Laufen ist im Trend. An zwei Wochenenden widmen wir uns intensiv dieser urspr\u00fcnglichsten und nat\u00fcrlichsten Form des Langlaufens. Innerhalb [&hellip;]<\/p>\n","protected":false},"author":1,"featured_media":0,"parent":0,"menu_order":0,"comment_status":"closed","ping_status":"closed","template":"page-templates\/page_fullwidth.php","meta":{"footnotes":""},"class_list":["post-932","page","type-page","status-publish","hentry"],"_links":{"self":[{"href":"https:\/\/sssow.ch\/fr\/wp-json\/wp\/v2\/pages\/932","targetHints":{"allow":["GET"]}}],"collection":[{"href":"https:\/\/sssow.ch\/fr\/wp-json\/wp\/v2\/pages"}],"about":[{"href":"https:\/\/sssow.ch\/fr\/wp-json\/wp\/v2\/types\/page"}],"author":[{"embeddable":true,"href":"https:\/\/sssow.ch\/fr\/wp-json\/wp\/v2\/users\/1"}],"replies":[{"embeddable":true,"href":"https:\/\/sssow.ch\/fr\/wp-json\/wp\/v2\/comments?post=932"}],"version-history":[{"count":20,"href":"https:\/\/sssow.ch\/fr\/wp-json\/wp\/v2\/pages\/932\/revisions"}],"predecessor-version":[{"id":1019,"href":"https:\/\/sssow.ch\/fr\/wp-json\/wp\/v2\/pages\/932\/revisions\/1019"}],"wp:attachment":[{"href":"https:\/\/sssow.ch\/fr\/wp-json\/wp\/v2\/media?parent=932"}],"curies":[{"name":"wp","href":"https:\/\/api.w.org\/{rel}","templated":true}]}}