{"id":775,"date":"2024-09-25T15:20:36","date_gmt":"2024-09-25T13:20:36","guid":{"rendered":"https:\/\/ssog.ch\/?page_id=775"},"modified":"2024-10-21T13:50:05","modified_gmt":"2024-10-21T11:50:05","slug":"geschaftsbedingungen","status":"publish","type":"page","link":"https:\/\/sssow.ch\/fr\/geschaftsbedingungen\/","title":{"rendered":"Gesch\u00e4ftsbedingungen"},"content":{"rendered":"\n<h2 class=\"wp-block-heading\">Allgemeine Gesch\u00e4ftsbedingungen AGB<\/h2>\n\n\n\n<h5 class=\"wp-block-heading\"><\/h5>\n\n\n\n<p><strong>Allgemeine Gesch\u00e4ftsbedingungen<\/strong><strong><\/strong><\/p>\n\n\n\n<p><strong>1.&nbsp;&nbsp;&nbsp;&nbsp;&nbsp; Geltungsbereich und Dienstleistungsvertrag<\/strong><\/p>\n\n\n\n<p>1.1 Diese Allgemeinen Gesch\u00e4ftsbedingungen (nachstehend <strong>AGB<\/strong>) regeln die Rechtsbeziehungen zwischen Ihnen und der Schweizer Ski- und Langlaufschule Oberwald (nachstehend <strong>SSOW<\/strong>), f\u00fcr die von uns in eigenem Namen angebotenen Leistungen.<\/p>\n\n\n\n<p>1.2 Mit Best\u00e4tigung Ihrer Anmeldung durch die SSOW kommt ein Vertrag \u00fcber die Erbringung von Dienstleistungen im Bereich des Langlaufsports oder \u00e4hnlicher sportlicher oder touristischer Aktivit\u00e4ten gem\u00e4ss unserem Leistungsbeschrieb und\/oder unserer Best\u00e4tigung zustande. Ab diesem Zeitpunkt werden die Rechte und Pflichten aus dem Vertrag (mitsamt diesen Allgemeinen Vertragsbedingungen) f\u00fcr Sie und die SSOW wirksam.<\/p>\n\n\n\n<p>1.3. \u00c4nderungen des Leistungsumfangs bleiben vorbehalten, sofern diese f\u00fcr Sie zumutbar sind und den Gesamtzuschnitt des Dienstleistungsvertrages nicht wesentlich ver\u00e4ndern. SSOW beh\u00e4lt sich auf jeden Fall im Sinne von Ziffer 5 vor, Kurse bei zu geringer Teilnehmerzahl abzusagen oder zusammenzulegen sowie den\/die Kursleiter\/in zu wechseln.<\/p>\n\n\n\n<p>1.4 Melden Sie weitere Personen an, so stehen Sie f\u00fcr deren Vertragspflichten (insbesondere Bezahlung) wie f\u00fcr Ihre eigenen Verpflichtungen ein. Die vertraglichen Vereinbarungen und diese Allgemeinen Vertragsbedingungen gelten f\u00fcr alle Kunden und Kundinnen der SSOW.<\/p>\n\n\n\n<p><strong>2. Kurspreise<\/strong><\/p>\n\n\n\n<p>2.1 Alle Kurspreise sind Fixpreise und in <strong>Schweizer Franken (CHF) <\/strong>angegeben. <\/p>\n\n\n\n<p>2.2 Die Kosten f\u00fcr den Loipenpass sind im Unterrichtspreis nicht eingeschlossen und von Ihnen selbst zu tragen. Sie sind selbst f\u00fcr das Mitf\u00fchren Ihres Loipenpasses verantwortlich.<\/p>\n\n\n\n<p><br><strong>3. Zahlung<\/strong><\/p>\n\n\n\n<p>Die Zahlung erfolgt unmittelbar nach Vertragsabschluss oder bei telefonischer Buchung unmittelbar vor Antritt des Unterrichts. Wir akzeptieren nebst Bargeld (CHF) auch TWINT.<\/p>\n\n\n\n<p><strong>4. Annullationsbedingungen<\/strong><\/p>\n\n\n\n<p>4.1. Best\u00e4tigte Anmeldungen sind verbindlich. <strong>Bei Nichterscheinen oder Nichteinhalten der gebuchten Zeiten wird der volle Kurspreis verrechnet<\/strong><a><\/a><a href=\"#_msocom_2\">[MJ2]<\/a>&nbsp;<\/p>\n\n\n\n<p>4.2. Die Annullation best\u00e4tigter Anmeldungen hat <strong>mindestens 24 Stunden vor Kursbeginn<\/strong> zu erfolgen. Ansonsten wird der volle Kurspreis gem\u00e4ss Best\u00e4tigung belastet. Wenn Sie eine \u00c4nderung der best\u00e4tigten Anmeldung w\u00fcnschen oder die Teilnahme am Kurs absagen (annullieren), m\u00fcssen Sie dies <strong>pers\u00f6nlich mittels Telefon oder E-Mail mitteilen<\/strong>.<\/p>\n\n\n\n<p>4.3. Wenn Sie Ihre Teilname am Kurs absagen m\u00fcssen, k\u00f6nnen Sie eine\/n Ersatzteilnehmer\/In benennen. Tritt ein\/e Ersatzteilnehmer\/In in den Vertrag ein, so haften Sie und der\/die Ersatzteilnehmer\/In gemeinsam (solidarisch) f\u00fcr die Bezahlung des gesamten Unterrichts.<\/p>\n\n\n\n<p>4.4 Bei Abbruch eines laufenden Unterrichts (z.B. bei Verletzungen, aus Sicherheitsgr\u00fcnden), erfolgt f\u00fcr diesen Kurs keine R\u00fcckerstattung. Eine R\u00fcckerstattung vor Beginn des Kurses erfolgt nur bei Unfall oder Krankheit gegen Vorweisen eines \u00e4rztlichen Zeugnisses, welches die Unm\u00f6glichkeit einer Kursteilnahme bescheinigt.<a id=\"_msocom_1\"><\/a><\/p>\n\n\n\n<p><\/p>\n\n\n\n<p><strong>5. Unterrichtsabsage<\/strong><\/p>\n\n\n\n<p>5.1 Je nach Wetterlage kann der Kurs aus Sicherheitsgr\u00fcnden vor Beginn abgesagt oder w\u00e4hrend des Kurses eingestellt werden. Daraus entsteht kein Anspruch auf R\u00fcckerstattung. Der diesbez\u00fcgliche Entscheid steht einzig dem\/der Kursleiter\/In zu, welche bei ihrem Entscheid Ihre Interessen sorgf\u00e4ltig gegen\u00fcber den drohenden Risiken und Gefahren abw\u00e4gt.<\/p>\n\n\n\n<p>5.2 F\u00fcr alle von der SSOW angebotenen Gruppenkurse gilt eine <strong>Mindestteilnehmerzahl von 4 Personen.<\/strong> Wird die Mindestteilnehmerzahl nicht erreicht, beh\u00e4lt sich die SSOW vor, den Kurs anzupassen, Klassen zusammenzulegen, Kurse kurzfristig abzusagen oder Ihnen (auch gegen Mehrpreis) ein Ersatzangebot (z.B. als Einzelkurs) zu unterbreiten.<\/p>\n\n\n\n<p>5.3. Wenn der Unterricht infolge Nichterreichen der Mindestteilnehmerzahl abgesagt werden muss und Sie an keinem anderen Kurs teilnehmen k\u00f6nnen, wird die SSOW Ihnen den bereits bezahlten Unterrichtspreis zur\u00fcckerstatten. Weitergehende Anspr\u00fcche sind ausgeschlossen.<\/p>\n\n\n\n<p><strong>6. Programm\u00e4nderungen<\/strong><\/p>\n\n\n\n<p>Die SSOW beh\u00e4lt sich weiter vor, nach Vertragsschluss und auch w\u00e4hrend der Aktivit\u00e4t das Programm oder einzelne Leistungen abzu\u00e4ndern, abzusagen oder abzubrechen, wenn Natur- und\/oder Wetterverh\u00e4ltnisse oder sonstige unvorhergesehene Umst\u00e4nde (h\u00f6here Gewalt, beh\u00f6rdliche Massnahmen, Sicherheits- oder andere Risiken) dies erfordern.<\/p>\n\n\n\n<p><strong>7. Haftung<\/strong><\/p>\n\n\n\n<p>7.1 Die Haftung der SSOW f\u00fcr Sch\u00e4den, die nicht auf einer vors\u00e4tzlichen oder grobfahrl\u00e4ssigen Pflichtverletzung beruhen, ist ausgeschlossen. Die SSOW haftet nicht f\u00fcr Unf\u00e4lle, die w\u00e4hrend des Unterrichts oder bei der Nutzung der Skiausr\u00fcstung entstehen.<\/p>\n\n\n\n<p>7.2.<strong> Unfall- und Haftpflichtversicherung ist Sache der Kursteilnehmer\/Innen<\/strong>. Sie sind verpflichtet, eine vorg\u00e4ngig eine ausreichende Unfall- und Haftpflichtversicherung abzuschlie\u00dfen.<\/p>\n\n\n\n<p><strong>8. Beanstandungen<\/strong><\/p>\n\n\n\n<p>Entspricht der Kurs nicht den vertraglichen Vereinbarungen oder sind Sie mit der Art der Kursleitung oder des &nbsp;Kursinhalts nicht einverstanden und kann vor Ort mit der\/dem Kursleiter\/In keine Einigung erzielt werden, wenden Sie sich bitte direkt an die Leitung der SSOW. Beanstandungen sind schriftlich oder Email (info(at)sssow.ch) an die SSOW zu richten.<\/p>\n\n\n\n<p><strong>9. Datenschutz<\/strong><\/p>\n\n\n\n<p>Die SSOW beh\u00e4lt sich das Recht vor, Ihre Daten sowie allf\u00e4lliges Bildmaterial f\u00fcr Marketingzwecke zu verwenden. Sie k\u00f6nnen die Erlaubnis f\u00fcr die Nutzung und Weitergabe der Daten und Bilder jederzeit widerrufen, indem Sie uns eine entsprechende Nachricht an info(at)sssow.ch senden. Die f\u00fcr die Gesch\u00e4ftsabwicklung notwendigen Daten werden selbstverst\u00e4ndlich vertraulich und gem\u00e4ss den Vorgaben der Schweizerischen Datenschutzgesetzgebung behandelt.<\/p>\n\n\n\n<p><strong>10. Rechtswirksamkeit, anwendbares Recht und Gerichtsstand<\/strong><\/p>\n\n\n\n<p>10.1. Sollten eine oder mehrere Bestimmungen dieser AGB unwirksam und\/oder unvollst\u00e4ndig sein, so tritt an ihrer Stelle eine in ihrer Wirksamkeit am n\u00e4chsten kommende, rechtsg\u00fcltige Regelung. Die Unwirksamkeit und\/oder Unvollst\u00e4ndigkeit einer Bestimmung l\u00e4sst die Wirksamkeit der anderen Bestimmungen unber\u00fchrt.<\/p>\n\n\n\n<hr class=\"wp-block-separator has-alpha-channel-opacity\"\/>\n\n\n\n<p><\/p>\n","protected":false},"excerpt":{"rendered":"<p>Allgemeine Gesch\u00e4ftsbedingungen AGB Allgemeine Gesch\u00e4ftsbedingungen 1.&nbsp;&nbsp;&nbsp;&nbsp;&nbsp; Geltungsbereich und Dienstleistungsvertrag 1.1 Diese Allgemeinen Gesch\u00e4ftsbedingungen (nachstehend AGB) regeln die Rechtsbeziehungen zwischen Ihnen und der [&hellip;]<\/p>\n","protected":false},"author":1,"featured_media":0,"parent":0,"menu_order":0,"comment_status":"closed","ping_status":"closed","template":"page-templates\/page_fullwidth.php","meta":{"footnotes":""},"class_list":["post-775","page","type-page","status-publish","hentry"],"_links":{"self":[{"href":"https:\/\/sssow.ch\/fr\/wp-json\/wp\/v2\/pages\/775","targetHints":{"allow":["GET"]}}],"collection":[{"href":"https:\/\/sssow.ch\/fr\/wp-json\/wp\/v2\/pages"}],"about":[{"href":"https:\/\/sssow.ch\/fr\/wp-json\/wp\/v2\/types\/page"}],"author":[{"embeddable":true,"href":"https:\/\/sssow.ch\/fr\/wp-json\/wp\/v2\/users\/1"}],"replies":[{"embeddable":true,"href":"https:\/\/sssow.ch\/fr\/wp-json\/wp\/v2\/comments?post=775"}],"version-history":[{"count":29,"href":"https:\/\/sssow.ch\/fr\/wp-json\/wp\/v2\/pages\/775\/revisions"}],"predecessor-version":[{"id":1057,"href":"https:\/\/sssow.ch\/fr\/wp-json\/wp\/v2\/pages\/775\/revisions\/1057"}],"wp:attachment":[{"href":"https:\/\/sssow.ch\/fr\/wp-json\/wp\/v2\/media?parent=775"}],"curies":[{"name":"wp","href":"https:\/\/api.w.org\/{rel}","templated":true}]}}