{"id":673,"date":"2024-09-21T15:40:05","date_gmt":"2024-09-21T13:40:05","guid":{"rendered":"https:\/\/ssog.ch\/?page_id=673"},"modified":"2024-09-21T16:17:53","modified_gmt":"2024-09-21T14:17:53","slug":"datenschutz","status":"publish","type":"page","link":"https:\/\/sssow.ch\/fr\/datenschutz\/","title":{"rendered":"Datenschutz"},"content":{"rendered":"\n<h2 class=\"wp-block-heading\"><strong>Datenschutzerkl\u00e4rung<\/strong><\/h2>\n\n\n\n<p>Die Website der Schweizer Ski- und Langlaufschule Oberwald (SSOW) unterliegt dem schweizerischem Datenschutzrecht, insbesondere dem Bundesgesetz \u00fcber den Datenschutz (DSG). Diese Datenschutzerkl\u00e4rung ist auf den aktuell massgebenden Standard im Datenschutzbereich, die Datenschutz-Grundverordnung (DSGVO) derEurop\u00e4ischen Union (EU) ausgerichtet.<\/p>\n\n\n\n<p>Die EU anerkennt, dass das schweizerische Datenschutzrecht einen angemessenen Datenschutz gew\u00e4hrleistet. Datenschutz hat einen besonders hohen Stellenwert f\u00fcr uns. Eine Nutzung der Website der SSE ist grunds\u00e4tzlich ohne Angabe von Personendaten m\u00f6glich. Sofern eine Person besondere Services unseres Unternehmens \u00fcber unsere Website in Anspruch nehmen m\u00f6chte, k\u00f6nnte jedoch eine Verarbeitung von Personendaten erforderlich werden.<\/p>\n\n\n\n<p>Ist die Verarbeitung von Personendaten erforderlich und besteht f\u00fcr eine solche Verarbeitung keine gesetzliche Grundlage, holen wir generell eine Einwilligung der betroffenen Person ein. Die Verarbeitung von Personendaten, beispielsweise des Namens, der Anschrift, der E-Mail-Adresse oder der Telefonnummer einer betroffenen Person, erfolgt stets im Einklang mit den gesetzlichen Datenschutzvorgaben. Mittels dieser Datenschutzerkl\u00e4rung informiert die SSOW die Kunden \u00fcber Art, Umfang und Zweck der von uns erhobenen, genutzten und verarbeiteten Personendaten.&nbsp;<\/p>\n\n\n\n<p> Ist die Verarbeitung von Personendaten erforderlich und besteht f\u00fcr eine solche Verarbeitung keine gesetzliche Grundlage, holen wir generell eine Einwilligung der betroffenen Person ein. Die Verarbeitung von Personendaten, beispielsweise des Namens, der Anschrift, der E-Mail-Adresse oder der Telefonnummer einer betroffenen Person, erfolgt stets im Einklang mit den gesetzlichen Datenschutzvorgaben. Mittels dieser Datenschutzerkl\u00e4rung informiert die SSOW die Kunden \u00fcber Art, Umfang und Zweck der von uns erhobenen, genutzten und verarbeiteten Personendaten.&nbsp;Ferner werden betroffene Personen mittels dieser Datenschutzerkl\u00e4rung \u00fcber die ihnen zustehenden Rechte aufgekl\u00e4rt.<\/p>\n\n\n\n<p>Wir nehmen das Thema Datenschutz ernst und achten auf die Sicherheit Ihrer Daten. Die SSOW hat als f\u00fcr die Verarbeitung Verantwortliche technische und organisatorische Massnahmen umgesetzt, um einen m\u00f6glichst l\u00fcckenlosen Schutz der \u00fcber diese Internetseite verarbeiteten Personendaten sicherzustellen. Dennoch k\u00f6nnen internetbasierte Daten\u00fcbertragungen grunds\u00e4tzlich Sicherheitsl\u00fccken aufweisen, sodass ein absoluter Schutz nicht gew\u00e4hrleistet werden kann. Aus diesem Grund steht es jeder betroffenen Person frei, Personendaten auch auf alternativen Wegen, beispielsweise telefonisch, an uns zu \u00fcbermitteln.<\/p>\n\n\n\n<h5 class=\"wp-block-heading\"><strong>1. Verantwortlicher bei Datenschutzfragen<\/strong><\/h5>\n\n\n\n<p>Verantwortlich im Sinne des Gesetzes ist die Schweizer Ski- und Langlaufschule Oberwald. Anfragen zum Datenschutz k\u00f6nnen, unter Beilage einer Kopie der ID oder des Passes zur Identifikation des Nutzers, per Brief oder E-Mail an uns gerichtet werden:<\/p>\n\n\n\n<p>Schweizer Ski- und Langlaufschule Oberwald<br>Datenschutzverantwortlicher<br>Rotondostrasse 2<br>3999 Oberwald<br><br>info(at)sssow.ch<\/p>\n\n\n\n<h5 class=\"wp-block-heading\"><strong>2. Erfassung von Daten beim Besuch unserer Website<\/strong><\/h5>\n\n\n\n<p>Beim Aufrufen unserer Website speichern unsere Server tempor\u00e4r jeden Zugriff in einer Protokolldatei. Folgende Daten werden dabei automatisch erfasst:<\/p>\n\n\n\n<ul class=\"wp-block-list\">\n<li>die IP-Adresse des anfragenden Rechners<\/li>\n\n\n\n<li>das Datum und die Uhrzeit des Zugriffs<\/li>\n\n\n\n<li>der Name und die URL der abgerufenen Datei<\/li>\n\n\n\n<li>die Website, von der aus der Zugriff erfolgte<\/li>\n\n\n\n<li>das Betriebssystem Ihres Rechners und der verwendete Browser<\/li>\n\n\n\n<li>das Land von welchem zugegriffen wurde und die Spracheinstellungen bei Ihrem Browser<\/li>\n\n\n\n<li>der Name Ihres Internet-Access-Providers<\/li>\n<\/ul>\n\n\n\n<p>Die Erhebung und Verarbeitung dieser Daten erfolgt, um die Nutzung unserer Website zu erm\u00f6glichen (Verbindungsaufbau), die Systemsicherheit und -stabilit\u00e4t zu gew\u00e4hrleisten, f\u00fcr die Optimierung unseres Internetangebots sowie zu internen statistischen Zwecken. Die IP-Adresse wird insbesondere dazu verwendet, um Ihr Aufenthaltsland zu erfassen und darauf abgestimmte Voreinstellungen (z.B. Sprache) vorzunehmen. Die IP-Adresse wird ebenfalls gespeichert, um auf Angriffe auf unsere Netzinfrastruktur angemessen reagieren zu k\u00f6nnen. In all diesen Zwecken liegt unser berechtigtes Interesse an dieser Datenerhebung und Datenbearbeitung im Sinne von Art. 6 Abs. 1 lit. f DSGVO. Schliesslich m\u00f6chten wir Sie darauf hinweisen, dass wir beim Besuch unserer Website auch sog. Cookies, Tracking Tools und Social Media Plug-Ins verwenden (n\u00e4here Informationen dazu finden sie in den Abschnitten V bis VIII) und erhobene Daten an Dritte und\/oder ins Ausland weitergeleitet werden k\u00f6nnen (n\u00e4here Informationen dazu finden Sie in den Abschnitten IX und X).<\/p>\n\n\n\n<h5 class=\"wp-block-heading\"><strong>3. Verwendung von Daten aus dem Kontaktformular<\/strong><\/h5>\n\n\n\n<p>Sie haben die M\u00f6glichkeit, auf unserer Website ein Kontaktformular zu verwenden, um mit uns in Kontakt zu treten. Die Eingabe bestimmter Daten ist zwingend, bei anderen Daten ist dies freiwillig:<\/p>\n\n\n\n<ul class=\"wp-block-list\">\n<li>Vor- und Nachname (zwingend)<\/li>\n\n\n\n<li>Adresse (Strasse, Hausnummer, Ort, Postleitzahl (freiwillig)<\/li>\n\n\n\n<li>Telefonnummer (freiwillig)<\/li>\n\n\n\n<li>E-Mail-Adresse (zwingend)<\/li>\n<\/ul>\n\n\n\n<p>Wir werden die zwingend erforderlichen Daten als solche kennzeichnen. Wenn diese Informationen nicht zur Verf\u00fcgung gestellt werden, kann dies die Erbringung unserer Dienstleistungen behindern. Die Angabe anderer Informationen ist freiwillig und hat keinen Einfluss auf Nutzung unserer Website. Wir verwenden diese Daten nur, um Ihre Kontaktanfrage bestm\u00f6glich und personalisiert beantworten zu k\u00f6nnen. Darin liegt auch unser berechtigtes Interesse im Sinne von Art. 6 Abs. 1 lit. f DSGVO. Sie k\u00f6nnen dieser Datenverarbeitung jederzeit widersprechen. Dies wird n\u00e4her in Abschnitt XIII erl\u00e4utert.<\/p>\n\n\n\n<h5 class=\"wp-block-heading\"><strong>4. Verwendung von Daten f\u00fcr den Newsletter<\/strong><\/h5>\n\n\n\n<p>Sie haben auf unserer Website die M\u00f6glichkeit, unseren Newsletter zu abonnieren. Hierf\u00fcr ist eine Registrierung erforderlich. Im Rahmen der Registrierung sind folgende Daten abzugeben:<\/p>\n\n\n\n<ul class=\"wp-block-list\">\n<li>Anrede (zwingend)<\/li>\n\n\n\n<li>Vor- und Nachname (zwingend)<\/li>\n\n\n\n<li>E-Mail-Adresse (zwingend)<\/li>\n<\/ul>\n\n\n\n<p>Diese Angaben sind f\u00fcr die Datenverarbeitung notwendig. Dar\u00fcber hinaus k\u00f6nnen Sie freiwillig weitere Daten angeben (Geburtsdatum und Land). Diese Daten bearbeiten wir ausschliesslich, um die Ihnen zugesendeten Informationen und Angebote zu personalisieren und besser auf Ihre Interessen auszurichten.<\/p>\n\n\n\n<p>F\u00fcr den Versand unseres Newsletters nutzen wir das Software-Programm Mailchimp. Die Datenschutzbestimmungen der Mailchimp Software finden Sie unter https:\/\/mailchimp.com\/de\/legal\/terms.<\/p>\n\n\n\n<p>Der R\u00fcckgriff auf entsprechende Dienstleistungen erm\u00f6glicht die Auswertung, ob die E-Mails mit unserem Newsletter ge\u00f6ffnet wurden. Dar\u00fcber hinaus kann damit auch das Klickverhalten der Newsletter-Empf\u00e4nger erfasst und ausgewertet werden. Wir nutzen diese Daten zu statistischen Zwecken und zur Optimierung des Newsletters in Bezug auf Inhalt und Struktur. Dies erm\u00f6glicht uns, die Informationen und Angebote in unserem Newsletter besser auf die individuellen Interessen des jeweiligen Empf\u00e4ngers auszurichten. Der Z\u00e4hlpixel wird gel\u00f6scht, wenn Sie den Newsletter l\u00f6schen. Um Tracking-Pixel in unserem Newsletter zu unterbinden, stellen Sie bitte Ihr Mailprogramm so ein, dass in Nachrichten kein HTML angezeigt wird.<\/p>\n\n\n\n<p>Mit der Registrierung erteilen Sie uns Ihre Einwilligung f\u00fcr die Bearbeitung der angegebenen Daten f\u00fcr den regelm\u00e4ssigen Versand des Newsletters an die von Ihnen angegebene Adresse und f\u00fcr die statistische Auswertung des Nutzungsverhaltens zur Optimierung des Newsletters. Diese Einwilligung stellt unsere Rechtsgrundlage f\u00fcr die Verarbeitung der genannten Personendaten im Sinne von Art. 6 Abs. 1 lit. a DSGVO dar. In den genannten Auswertungszwecken liegt zudem unser berechtigtes Interesse im Sinne von Art. 6 Abs. 1 lit. f DSGVO.<\/p>\n\n\n\n<p>Am Ende jedes Newsletters ist ein Link aufgef\u00fchrt, \u00fcber den Sie den Newsletter jederzeit abbestellen k\u00f6nnen. Sie k\u00f6nnen sich dabei f\u00fcr den gesamten Newsletter abmelden oder auch nur f\u00fcr bestimmte Kan\u00e4le. Wenn Sie sich vom gesamten Newsletter abmelden, werden alle Ihre diesbez\u00fcglichen Daten in unserem System gel\u00f6scht.<\/p>\n\n\n\n<h5 class=\"wp-block-heading\">5<strong>. Verwendung von Daten bei einer Reservation<\/strong><\/h5>\n\n\n\n<p>Auf unserer Website bestehen verschiedene M\u00f6glichkeiten, um Anfrage und Reservationen zu t\u00e4tigen. Dabei werden folgende Daten erhoben:<\/p>\n\n\n\n<ul class=\"wp-block-list\">\n<li>Anrede und\/oder Firma<\/li>\n\n\n\n<li>Vor- und Nachname<\/li>\n\n\n\n<li>Adresse (Strasse, Hausnummer, PLZ, Ort, Land)<\/li>\n\n\n\n<li>Weitere Kontaktdaten (E-Mail-Adresse, Telefonnummer)<\/li>\n<\/ul>\n\n\n\n<p>Zwingend erforderliche Eingaben werden jeweils als solche gekennzeichnet. Dabei handelt es sich um Informationen, die erforderlich sind, um die Buchungsdienste erbringen zu k\u00f6nnen. Die Angabe anderer Informationen ist freiwillig und hat keinen Einfluss auf Nutzung unserer Website oder der Buchungsdienste. Wir m\u00f6chten Sie ebenfalls darauf hinweisen, dass die von Ihnen eingegebenen Daten in der Regel auch direkt durch den Anbieter eines Buchungsdienstes erhoben und bei diesem gespeichert und\/oder von uns an diese weitergeleitet werden. Soweit der Anbieter eines Buchungsdienstes die erhobenen Daten dann selbst\u00e4ndig weiterbearbeitet, gelten die Datenschutzbestimmungen des jeweiligen Anbieters, und wir bitten Sie, auch diese zu konsultieren. Die Rechtsgrundlage f\u00fcr diese Datenbearbeitungen liegt in der Erf\u00fcllung eines Vertrages im Sinne von Art. 6 Abs. 1 lit. b DSGVO.<\/p>\n\n\n\n<h5 class=\"wp-block-heading\">6<strong>. Bearbeitung von Daten zu Werbezwecken<\/strong><\/h5>\n\n\n\n<p>Im nachfolgenden Abschnitt m\u00f6chten wir Ihnen aufzeigen, welche Ihrer Daten zu Werbezwecken erhoben und bearbeitet werden und auf welche Weise dies erfolgt. Diese Datenbearbeitungen erfolgen alle gest\u00fctzt auf ein berechtigtes Interesse im Sinne von Art. 6 Abs. 1 lit. f DSGVO, wobei unser Interesse insbesondere im Direktmarketing und der Analyse und Auswertung der Nutzung unserer Website liegt. Mit der Nutzung unserer Website erteilen Sie uns zudem die Einwilligung in diese Datenbearbeitungen im Sinne von Art. 6 Abs. 1 lit. a DSGVO.<\/p>\n\n\n\n<h5 class=\"wp-block-heading\">7<strong>. Analyse von Nutzungsprofilen<\/strong><\/h5>\n\n\n\n<p>Um Ihnen auf unserer Website personalisierte Dienstleistungen und Informationen zur Verf\u00fcgung zu stellen (On-Site-Targeting), nutzen und analysieren wir die Daten, welche wir \u00fcber Sie sammeln, wenn Sie die Website besuchen. Bei der entsprechenden Bearbeitung k\u00f6nnen gegebenenfalls auch sog. Cookies zum Einsatz kommen (n\u00e4heres dazu in Abschnitt 7). Die Analyse Ihres Nutzerverhaltens kann zur Erstellung eines sog. Nutzungsprofiles f\u00fchren. Eine Zusammenf\u00fchrung der Nutzungsdaten erfolgt lediglich mit Pseudonymen, nie jedoch mit nicht-pseudonymisierten personenbezogenen Daten.<\/p>\n\n\n\n<p>Um personalisiertes Marketing in sozialen Netzwerken zu erm\u00f6glichen, binden wir auf der Website so genannte Remarketing Pixel von Facebook ein. Sofern Sie einen Account bei einem hier\u00fcber einbezogenen sozialen Netzwerk besitzen und zum Zeitpunkt des Seitenbesuchs dort angemeldet sind, verkn\u00fcpft diese Pixel den Seitenbesuch mit Ihrem Account. Wenn Sie diese Verkn\u00fcpfung verhindern m\u00f6chten, m\u00fcssen Sie sich vor Seitenbesuch aus Ihrem jeweiligen Account ausloggen. Weitere Einstellungen zur Werbung k\u00f6nnen Sie zudem in den jeweiligen Sozialen Netzwerken in Ihrem Nutzerprofil vornehmen.<\/p>\n\n\n\n<h5 class=\"wp-block-heading\">8<strong>. Cookies<\/strong><\/h5>\n\n\n\n<p>Cookies sind Informationsdateien, die Ihr Webbrowser automatisch auf der Festplatte Ihres Computers speichert, wenn Sie unsere Website besuchen. Cookies helfen uns, Ihren Besuch auf unserer Website einfacher, angenehmer und sinnvoller zu gestalten. Wir setzen Cookies beispielsweise ein, um die angezeigten Informationen, Angebote und Werbung besser auf Ihre individuellen Interessen auszurichten. Die meisten Internet-Browser akzeptieren Cookies automatisch. Sie k\u00f6nnen Ihren Browser jedoch so konfigurieren, dass keine Cookies auf Ihrem Computer gespeichert werden oder stets ein Hinweis erscheint, wenn Sie ein neues Cookie erhalten. Die Deaktivierung von Cookies kann allerdings dazu f\u00fchren, dass Sie nicht alle Funktionen unserer Website nutzen k\u00f6nnen.<\/p>\n\n\n\n<h5 class=\"wp-block-heading\"><strong>9. Tracking-Tools<\/strong><\/h5>\n\n\n\n<p>Auf unserer Website verwenden wir verschiedene zus\u00e4tzliche sog. Tracking-Tools. Mit diesen Tracking-Tools wird Ihr Surfverhalten auf unserer Website beobachtet. Diese Beobachtung erfolgt zum Zwecke der bedarfsgerechten Gestaltung und fortlaufenden Optimierung unserer Website. In diesem Zusammenhang werden pseudonymisierte Nutzungsprofile erstellt und ebenfalls Cookies verwendet. Weitere Informationen zu den verwendeten Tracking-Tools und den dadurch erfolgenden Datenbearbeitungen finden Sie unter folgendem link: <a href=\"https:\/\/www.ghostery.com\/\" target=\"_blank\" rel=\"noreferrer noopener\">https:\/\/www.ghostery.com\/<\/a><\/p>\n\n\n\n<h5 class=\"wp-block-heading\">10. Social Media Plugins<\/h5>\n\n\n\n<p>Auf unserer Website kommen die nachfolgend beschriebenen Social Media Plugins zum Einsatz. Die Plugins sind auf unserer Website standardm\u00e4ssig deaktiviert und senden daher keine Daten. Durch einen Klick auf den entsprechenden Social Media-Button aktivieren Sie die Plugins. Wenn diese Plugins aktiviert sind, baut Ihr Browser mit den Servern des jeweiligen sozialen Netzwerks eine direkte Verbindung auf, sobald Sie eine unserer Webseiten aufrufen. Der Inhalt des Plugins wird vom sozialen Netzwerk direkt an Ihren Browser \u00fcbermittelt und von diesem in die Website eingebunden. Die Plugins lassen sich mit einem Klick wieder deaktivieren.<\/p>\n\n\n\n<p><strong>Facebook<\/strong><br>Auf unserer Website kommen Social Plugins von Facebook zum Einsatz, um unseren Webauftritt pers\u00f6nlicher zu machen. Es handelt sich dabei um ein Angebot des US-amerikanischen Unternehmens Facebook Inc., 1601 S. California Ave, Palo Alto, CA 94304, USA.<\/p>\n\n\n\n<p>Wir nutzen dabei den \u201eLIKE\u201c oder &#8222;TEILEN&#8220;-Button. Durch die Einbindung dieser Plugins erh\u00e4lt Facebook die Information, dass Ihr Browser die entsprechende Seite unseres Webauftritts aufgerufen hat, auch wenn Sie kein Facebook-Konto besitzen oder gerade nicht bei Facebook eingeloggt sind. Diese Information (einschliesslich Ihrer IP-Adresse) wird von Ihrem Browser direkt an einen Server von Facebook in den USA \u00fcbermittelt und dort gespeichert. Sind Sie bei Facebook eingeloggt, kann Facebook den Besuch unserer Website Ihrem Facebook-Konto direkt zuordnen. Wenn Sie mit den Plugins interagieren, zum Beispiel den \u201eLIKE\u201c oder &#8222;TEILEN&#8220;-Button bet\u00e4tigen, wird die entsprechende Information ebenfalls direkt an einen Server von Facebook \u00fcbermittelt und dort gespeichert. Die Informationen werden zudem auf Facebook ver\u00f6ffentlicht und Ihren Facebook-Freunden angezeigt. Facebook kann diese Informationen zum Zwecke der Werbung, Marktforschung und bedarfsgerechten Gestaltung der Facebook-Seiten benutzen. Hierzu werden von Facebook Nutzungs-, Interessen- und Beziehungsprofile erstellt, z.B. um Ihre Nutzung unserer Website im Hinblick auf die Ihnen bei Facebook eingeblendeten Werbeanzeigen auszuwerten, andere Facebook-Nutzer \u00fcber Ihre Aktivit\u00e4ten auf unserer Website zu informieren und um weitere mit der Nutzung von Facebook verbundene Dienstleistungen zu erbringen.<\/p>\n\n\n\n<p>Wenn Sie nicht m\u00f6chten, dass Facebook die \u00fcber unseren Webauftritt gesammelten Daten Ihrem Facebook-Konto zuordnet, m\u00fcssen Sie sich vor Ihrem Besuch unserer Website bei Facebook ausloggen. Zweck und Umfang der Datenerhebung und die weitere Verarbeitung und Nutzung der Daten durch Facebook sowie Ihre diesbez\u00fcglichen Rechte und Einstellungsm\u00f6glichkeiten zum Schutz Ihrer Privatsph\u00e4re entnehmen Sie bitte den Datenschutzhinweisen von Facebook.<\/p>\n\n\n\n<h5 class=\"wp-block-heading\"><strong>11. \u00dcbermittlung von Daten ins Ausland<\/strong><\/h5>\n\n\n\n<p>Die Schweizer Ski- und Langlaufschule Oberwald ist berechtigt, Ihre Personendaten auch an Drittparteien (d.h. beauftragte Dienstleister) im Ausland zu \u00fcbertragen, sofern dies f\u00fcr die in dieser Datenschutzerkl\u00e4rung beschriebenen Datenbearbeitungen erforderlich ist. Diese Drittparteien sind im gleichen Umfang wie wir selbst zum Datenschutz verpflichtet. Wenn das Datenschutzniveau in einem Land nicht dem schweizerischen bzw. dem europ\u00e4ischen entspricht, stellen wir vertraglich gegen\u00fcber der Drittpartei sicher, dass der Schutz Ihrer personenbezogenen Daten demjenigen in der Schweiz bzw. in der EU jederzeit entspricht.<\/p>\n\n\n\n<p><strong>Daten\u00fcbermittlungen in die USA<\/strong><\/p>\n\n\n\n<p>Aus Gr\u00fcnden der Vollst\u00e4ndigkeit m\u00f6chten wir darauf hinweisen, dass in den USA \u00dcberwachungsmassnahmen von US-Beh\u00f6rden bestehen, die generell die Speicherung aller personenbezogenen Daten s\u00e4mtlicher Personen, deren Daten aus der Schweiz in die USA \u00fcbermittelt wurden, erm\u00f6glicht. Dies geschieht ohne Differenzierung, Einschr\u00e4nkung oder Ausnahme anhand des verfolgten Ziels und ohne ein objektives Kriterium, das es erm\u00f6glicht, den Zugang der US-Beh\u00f6rden zu den Daten und deren sp\u00e4tere Nutzung auf ganz bestimmte, strikt begrenzte Zwecke zu beschr\u00e4nken, die den sowohl mit dem Zugang zu diesen Daten als auch mit deren Nutzung verbundenen Eingriff zu rechtfertigen verm\u00f6gen. Ausserdem m\u00f6chten wir Sie darauf hinweisen, dass in den USA keine Rechtsbehelfe vorliegen, die es ihnen erlauben, Zugang zu den sie betreffenden Daten zu erhalten und deren Berichtigung oder L\u00f6schung zu erwirken, bzw. kein wirksamer gerichtlicher Rechtsschutz gegen generelle Zugriffsrechte von US-Beh\u00f6rden vorliegt.<\/p>\n\n\n\n<p>Es ist uns ein Anliegen, Sie auf diese Rechts- und Sachlage hinzuweisen, damit Sie eine entsprechend informierte Entscheidung zur Einwilligung in die Verwendung Ihrer Daten treffen k\u00f6nnen. Nutzer mit Wohnsitz in einem Mitgliedstaat der EU m\u00f6chten wir ebenfalls darauf hinweisen, dass die USA aus Sicht der Europ\u00e4ischen Union \u2013 unter anderem aufgrund der in diesem Abschnitt genannten Themen \u2013 nicht \u00fcber ein ausreichendes Datenschutzniveau verf\u00fcgt. Soweit wir in dieser Datenschutzerkl\u00e4rung erl\u00e4utert haben, dass Empf\u00e4nger von Daten (wie z.B. Google, Facebook und Instagramm) ihren Sitz in den USA haben, werden wir entweder durch vertragliche Regelungen zu diesen Unternehmen oder durch die Sicherstellung der Zertifizierung dieser Unternehmen unter dem EU-US-Privacy Schild sicherstellen, dass Ihre Daten bei unseren Partnern mit einem angemessenen Niveau gesch\u00fctzt sind.<\/p>\n\n\n\n<h5 class=\"wp-block-heading\">12<strong>. Datensicherheit und Vertraulichkeit<\/strong><\/h5>\n\n\n\n<p>Wir bedienen uns geeigneter technischer und organisatorischer Sicherheitsmassnahmen, um Ihre bei uns gespeicherten pers\u00f6nlichen Daten gegen Manipulation, teilweisen oder vollst\u00e4ndigen Verlust und gegen unbefugten Zugriff Dritter zu sch\u00fctzen. Unsere Sicherheitsmassnahmen werden entsprechend dem aktuellsten Stand der Technik fortlaufend verbessert.<\/p>\n\n\n\n<p>Wir empfehlen, das Browserfenster zu schliessen, wenn Sie die Kommunikation mit uns beendet haben, insbesondere wenn Sie einen Computer gemeinsam mit anderen Personen benutzen. Auch den unternehmensinternen Datenschutz nehmen wir sehr ernst. Unsere Mitarbeitenden und die von uns beauftragten Dienstleistungsunternehmen sind von uns zur Verschwiegenheit und zur Einhaltung der datenschutzrechtlichen Bestimmungen verpflichtet worden.<\/p>\n\n\n\n<h5 class=\"wp-block-heading\">13<strong>. Aufbewahrung von Daten<\/strong><\/h5>\n\n\n\n<p>Personenbezogene Daten werden nur so lange gespeichert, wie es erforderlich ist,<\/p>\n\n\n\n<ul class=\"wp-block-list\">\n<li>um die oben genannten Tracking-, Werbe- und Analysedienste im Rahmen unseres berechtigten Interesses zu verwenden;<\/li>\n\n\n\n<li>um in dem oben genannten Umfang Dienstleistungen auszuf\u00fchren, die Sie gew\u00fcnscht oder zu denen Sie Ihre Einwilligung erteilt haben;<\/li>\n\n\n\n<li>um unseren gesetzlichen Verpflichtungen nachzukommen.<\/li>\n<\/ul>\n\n\n\n<p>Daten im Zusammenhang mit dem Abschluss oder der Erf\u00fcllung eines Vertrags werden von uns l\u00e4nger aufbewahrt, da uns dies durch gesetzliche Aufbewahrungspflichten vorgeschrieben ist, beispielsweise in Vorschriften der Rechnungslegung und dem Steuerrecht. Gem\u00e4ss diesen Vorschriften sind gesch\u00e4ftliche Kommunikation, geschlossene Vertr\u00e4ge und Buchungsbelege bis zu 10 Jahren aufzubewahren. Soweit wir diese Daten nicht mehr zur Durchf\u00fchrung der Dienstleistungen f\u00fcr Sie ben\u00f6tigen, werden die Daten grunds\u00e4tzlich gesperrt. Dies bedeutet, dass die Daten dann nur noch f\u00fcr Zwecke der Rechnungslegung und f\u00fcr Steuerzwecke verwendet werden d\u00fcrfen.<\/p>\n\n\n\n<h5 class=\"wp-block-heading\">14<strong>. Betroffenenrechte<\/strong><\/h5>\n\n\n\n<p>Sie haben das Recht:<\/p>\n\n\n\n<ul class=\"wp-block-list\">\n<li>Auskunft \u00fcber Ihre von uns verarbeiteten Personendaten zu verlangen. Insbesondere k\u00f6nnen Sie Auskunft \u00fcber die Verarbeitungszwecke, die Kategorie der Personendaten, die Kategorien von Empf\u00e4ngern, gegen\u00fcber denen Ihre Daten offengelegt wurden oder werden, die geplante Speicherdauer, das Bestehen eines Rechts auf Berichtigung, L\u00f6schung, Einschr\u00e4nkung der Verarbeitung oder Widerspruch, das Bestehen eines Beschwerderechts, die Herkunft ihrer Daten, sofern diese nicht bei uns erhoben wurden, sowie \u00fcber das Bestehen einer automatisierten Entscheidungsfindung einschliesslich Profiling und gegebenenfalls aussagekr\u00e4ftigen Informationen zu deren Einzelheiten verlangen;<\/li>\n\n\n\n<li>unverz\u00fcglich die Berichtigung unwichtiger oder Vervollst\u00e4ndigung Ihrer bei uns gespeicherten Personendaten zu verlangen;<\/li>\n\n\n\n<li>die L\u00f6schung Ihrer bei uns gespeicherten Personendaten zu verlangen, soweit nicht die Verarbeitung zur Aus\u00fcbung des Rechts auf freie Meinungs\u00e4usserung und Information, zur Erf\u00fcllung einer rechtlichen Verpflichtung, aus Gr\u00fcnden des \u00f6ffentlichen Interesses oder zur Geltendmachung, Aus\u00fcbung oder Verteidigung von Rechtsanspr\u00fcchen erforderlich ist;<\/li>\n\n\n\n<li>die Einschr\u00e4nkung der Verarbeitung Ihrer Personendaten zu verlangen, soweit die Richtigkeit der Daten von Ihnen bestritten wird, die Verarbeitung unrechtm\u00e4ssig ist, Sie aber deren L\u00f6schung ablehnen und wir die Daten nicht mehr ben\u00f6tigen, Sie jedoch diese zur Geltendmachung, Aus\u00fcbung oder Verteidigung von Rechtsanspr\u00fcchen ben\u00f6tigen oder Sie Widerspruch gegen die Verarbeitung eingelegt haben;<\/li>\n\n\n\n<li>Ihre Personendaten, die Sie uns bereitgestellt haben, in einem strukturierten, g\u00e4ngigen und maschinenlesebaren Format zu erhalten oder die \u00dcbermittlung an einen anderen Verantwortlichen zu verlangen;<\/li>\n\n\n\n<li>Ihre einmal erteilte Einwilligung jederzeit gegen\u00fcber uns zu widerrufen. Dies hat zur Folge, dass wir die Datenverarbeitung, die auf dieser Einwilligung beruhte, f\u00fcr die Zukunft nicht mehr fortf\u00fchren d\u00fcrfen und<\/li>\n\n\n\n<li>sich bei einer Aufsichtsbeh\u00f6rde zu beschweren. In der Regel k\u00f6nnen Sie sich hierf\u00fcr an die Aufsichtsbeh\u00f6rde Ihres \u00fcblichen Aufenthaltsortes oder Arbeitsplatzes oder unseren Firmensitz wenden.<\/li>\n<\/ul>\n\n\n\n<h5 class=\"wp-block-heading\"><strong>15. Widerspruchsrecht<\/strong><\/h5>\n\n\n\n<p>Sie haben das Recht, Widerspruch gegen die Verarbeitung Ihrer Personendaten einzulegen, soweit daf\u00fcr Gr\u00fcnde vorliegen, die sich aus Ihrer besonderen Situation ergeben oder sich der Widerspruch gegen Direktwerbung richtet. Im letzteren Fall haben Sie ein generelles Widerspruchsrecht, das ohne Angabe einer besonderen Situation von uns umgesetzt wird. M\u00f6chten Sie von Ihrem Widerrufs- oder Widerspruchsrecht Gebrauch machen, gen\u00fcgt eine E-Mail an\u00a0info(at)sssow.ch<\/p>\n\n\n\n<h5 class=\"wp-block-heading\"><strong>16. Aktualit\u00e4t dieser Datenschutzerkl\u00e4rung<\/strong><\/h5>\n\n\n\n<p>Diese Datenschutzerkl\u00e4rung ist aktuell g\u00fcltig und hat den Stand Juni 2023. Durch die Weiterentwicklung unserer Website und Angebote dar\u00fcber oder aufgrund ge\u00e4nderter gesetzlicher beziehungsweise beh\u00f6rdlicher Vorgaben kann es notwendig werden, diese Datenschutzerkl\u00e4rung zu \u00e4ndern. Die jeweils aktuelle Datenschutzerkl\u00e4rung kann jederzeit auf unserer Website&nbsp;von Ihnen abgerufen und ausgedruckt werden<\/p>\n","protected":false},"excerpt":{"rendered":"<p>Datenschutzerkl\u00e4rung Die Website der Schweizer Ski- und Langlaufschule Oberwald (SSOW) unterliegt dem schweizerischem Datenschutzrecht, insbesondere dem Bundesgesetz \u00fcber den Datenschutz (DSG). Diese [&hellip;]<\/p>\n","protected":false},"author":1,"featured_media":0,"parent":0,"menu_order":0,"comment_status":"closed","ping_status":"closed","template":"page-templates\/page_fullwidth.php","meta":{"footnotes":""},"class_list":["post-673","page","type-page","status-publish","hentry"],"_links":{"self":[{"href":"https:\/\/sssow.ch\/fr\/wp-json\/wp\/v2\/pages\/673","targetHints":{"allow":["GET"]}}],"collection":[{"href":"https:\/\/sssow.ch\/fr\/wp-json\/wp\/v2\/pages"}],"about":[{"href":"https:\/\/sssow.ch\/fr\/wp-json\/wp\/v2\/types\/page"}],"author":[{"embeddable":true,"href":"https:\/\/sssow.ch\/fr\/wp-json\/wp\/v2\/users\/1"}],"replies":[{"embeddable":true,"href":"https:\/\/sssow.ch\/fr\/wp-json\/wp\/v2\/comments?post=673"}],"version-history":[{"count":31,"href":"https:\/\/sssow.ch\/fr\/wp-json\/wp\/v2\/pages\/673\/revisions"}],"predecessor-version":[{"id":725,"href":"https:\/\/sssow.ch\/fr\/wp-json\/wp\/v2\/pages\/673\/revisions\/725"}],"wp:attachment":[{"href":"https:\/\/sssow.ch\/fr\/wp-json\/wp\/v2\/media?parent=673"}],"curies":[{"name":"wp","href":"https:\/\/api.w.org\/{rel}","templated":true}]}}