{"id":271,"date":"2024-09-09T01:44:18","date_gmt":"2024-09-09T01:44:18","guid":{"rendered":"https:\/\/ssog.ch\/?page_id=271"},"modified":"2024-10-13T11:34:08","modified_gmt":"2024-10-13T09:34:08","slug":"angebot-video-coaching","status":"publish","type":"page","link":"https:\/\/sssow.ch\/fr\/angebot-video-coaching\/","title":{"rendered":"Angebot &#8211; Video-Coaching"},"content":{"rendered":"\n<h2 class=\"wp-block-heading\">Video Coaching<\/h2>\n\n\n\n<p>Beim Video-Coaching analysieren wir Deine pers\u00f6nliche Langlauftechnik mit Hilfe modernster Aufnahme- und Analysetools. Wir schauen die verschiedenen Schrittarten und Bewegungsabl\u00e4ufe gemeinsam an und erkennen so, wie Du Deine Technik weiterentwickeln kannst. Ausgehend von der Analyse erh\u00e4ltst Du pr\u00e4zise Inputs und \u00dcbungen, wie Du Dein Training optimieren kannst und so permanent besser wirst.<\/p>\n\n\n\n<div class=\"wp-block-columns is-layout-flex wp-container-core-columns-is-layout-28f84493 wp-block-columns-is-layout-flex\">\n<div class=\"wp-block-column is-layout-flow wp-block-column-is-layout-flow\">\n<h5 class=\"wp-block-heading\">Details<\/h5>\n\n\n\n<figure class=\"wp-block-table\"><table class=\"has-fixed-layout\"><tbody><tr><td class=\"has-text-align-left\" data-align=\"left\"><strong>Technik<\/strong><\/td><td class=\"has-text-align-left\" data-align=\"left\">Klassisch und Skating<\/td><\/tr><tr><td class=\"has-text-align-left\" data-align=\"left\"><strong>Niveau<\/strong><\/td><td class=\"has-text-align-left\" data-align=\"left\">Fortgeschrittene, Experten<\/td><\/tr><tr><td class=\"has-text-align-left\" data-align=\"left\"><strong>Kursbeginn<\/strong><\/td><td class=\"has-text-align-left\" data-align=\"left\">zur vollen Stunde 09.00 &#8211; 16.00 Uhr<\/td><\/tr><tr><td class=\"has-text-align-left\" data-align=\"left\"><strong>Treffpunkt<\/strong><\/td><td class=\"has-text-align-left\" data-align=\"left\">Skischulwagen N\u00e4he\u00a0<strong>Loipeneinstieg\u00a0<\/strong>Br\u00fccke zum Hotel Furka, Oberwald<\/td><\/tr><tr><td class=\"has-text-align-left\" data-align=\"left\"><strong>Bezahlung<\/strong><\/td><td class=\"has-text-align-left\" data-align=\"left\">TWINT oder in bar<\/td><\/tr><\/tbody><\/table><\/figure>\n<\/div>\n\n\n\n<div class=\"wp-block-column is-layout-flow wp-block-column-is-layout-flow\">\n<h5 class=\"wp-block-heading\">Lektionen<\/h5>\n\n\n\n<figure class=\"wp-block-table\"><table class=\"has-fixed-layout\"><tbody><tr><td class=\"has-text-align-left\" data-align=\"left\"><strong>Privatlektion<\/strong><\/td><td class=\"has-text-align-right\" data-align=\"right\"><strong>Dauer<\/strong><\/td><td class=\"has-text-align-right\" data-align=\"right\"><strong>1 Person<\/strong><\/td><td class=\"has-text-align-right\" data-align=\"right\"><strong>2 Personen<\/strong><\/td><\/tr><tr><td class=\"has-text-align-left\" data-align=\"left\"><strong>Video-Coaching<\/strong><\/td><td class=\"has-text-align-right\" data-align=\"right\">1h 30 Min<\/td><td class=\"has-text-align-right\" data-align=\"right\">CHF 200<\/td><td class=\"has-text-align-right\" data-align=\"right\">CHF 240<\/td><\/tr><\/tbody><\/table><\/figure>\n\n\n\n<div class=\"wp-block-buttons is-content-justification-right is-layout-flex wp-container-core-buttons-is-layout-d445cf74 wp-block-buttons-is-layout-flex\">\n<div class=\"wp-block-button\"><a class=\"wp-block-button__link wp-element-button\">Anfrage Video-Coaching<\/a><\/div>\n<\/div>\n<\/div>\n<\/div>\n","protected":false},"excerpt":{"rendered":"<p>Video Coaching Beim Video-Coaching analysieren wir Deine pers\u00f6nliche Langlauftechnik mit Hilfe modernster Aufnahme- und Analysetools. Wir schauen die verschiedenen Schrittarten und Bewegungsabl\u00e4ufe [&hellip;]<\/p>\n","protected":false},"author":1,"featured_media":0,"parent":0,"menu_order":0,"comment_status":"closed","ping_status":"closed","template":"page-templates\/page_fullwidth.php","meta":{"footnotes":""},"class_list":["post-271","page","type-page","status-publish","hentry"],"_links":{"self":[{"href":"https:\/\/sssow.ch\/fr\/wp-json\/wp\/v2\/pages\/271","targetHints":{"allow":["GET"]}}],"collection":[{"href":"https:\/\/sssow.ch\/fr\/wp-json\/wp\/v2\/pages"}],"about":[{"href":"https:\/\/sssow.ch\/fr\/wp-json\/wp\/v2\/types\/page"}],"author":[{"embeddable":true,"href":"https:\/\/sssow.ch\/fr\/wp-json\/wp\/v2\/users\/1"}],"replies":[{"embeddable":true,"href":"https:\/\/sssow.ch\/fr\/wp-json\/wp\/v2\/comments?post=271"}],"version-history":[{"count":20,"href":"https:\/\/sssow.ch\/fr\/wp-json\/wp\/v2\/pages\/271\/revisions"}],"predecessor-version":[{"id":979,"href":"https:\/\/sssow.ch\/fr\/wp-json\/wp\/v2\/pages\/271\/revisions\/979"}],"wp:attachment":[{"href":"https:\/\/sssow.ch\/fr\/wp-json\/wp\/v2\/media?parent=271"}],"curies":[{"name":"wp","href":"https:\/\/api.w.org\/{rel}","templated":true}]}}