{"id":257,"date":"2024-09-09T01:20:44","date_gmt":"2024-09-09T01:20:44","guid":{"rendered":"https:\/\/ssog.ch\/?page_id=257"},"modified":"2024-10-15T03:32:58","modified_gmt":"2024-10-15T01:32:58","slug":"angebot-privatunterricht","status":"publish","type":"page","link":"https:\/\/sssow.ch\/fr\/angebot-privatunterricht\/","title":{"rendered":"Angebot &#8211; Privatunterricht"},"content":{"rendered":"\n<h2 class=\"wp-block-heading\">Privatunterricht Klassisch und Skating<\/h2>\n\n\n\n<p>Wir passen jede Lektion an Deine individuellen F\u00e4higkeiten, Erwartungen und Ziele an. Einsteiger f\u00fchren wir in die Welt des Langlaufens ein. Fortgeschrittene unterst\u00fctzen wir auf dem Weg zu einer effizienten Langlauftechnik. Unsere hervorragend ausgebildeten Langlauflehrer bieten praktische Anleitungen, damit Du effizient und leicht \u00fcber die Loipen des Goms gleiten kannst. <strong>Dank einem motivierenden Unterricht machst Du in kurzer Zeit Fortschritte und verbesserst kontinuierlich Deine Technik<\/strong>.<\/p>\n\n\n\n<p>Auf Wunsch begleiten dich unsere ortskundigen Langlauflehrer auf den Loipen und zeigen Dir die landschaftlichen und kulinarischen H\u00f6hepunkte des Goms.<\/p>\n\n\n\n<div class=\"wp-block-columns is-layout-flex wp-container-core-columns-is-layout-28f84493 wp-block-columns-is-layout-flex\">\n<div class=\"wp-block-column is-layout-flow wp-block-column-is-layout-flow\" style=\"flex-basis:33.33%\">\n<h5 class=\"wp-block-heading\">Facts<\/h5>\n\n\n\n<figure class=\"wp-block-table\"><table class=\"has-fixed-layout\"><tbody><tr><td class=\"has-text-align-left\" data-align=\"left\"><strong>Technik<\/strong><\/td><td class=\"has-text-align-left\" data-align=\"left\">Klassisch und Skating<\/td><\/tr><tr><td class=\"has-text-align-left\" data-align=\"left\"><strong>Niveau<\/strong><\/td><td class=\"has-text-align-left\" data-align=\"left\">Einsteiger, Fortgeschrittene, Experten<\/td><\/tr><tr><td class=\"has-text-align-left\" data-align=\"left\"><strong>Kursbeginn<\/strong><\/td><td class=\"has-text-align-left\" data-align=\"left\">zur vollen Stunde 09.00 &#8211; 16.00 Uhr<\/td><\/tr><tr><td class=\"has-text-align-left\" data-align=\"left\"><strong>Treffpunkt<\/strong><\/td><td class=\"has-text-align-left\" data-align=\"left\">Skischulwagen N\u00e4he&nbsp;<strong>Loipeneinstieg&nbsp;<\/strong>bei der Br\u00fccke zum Hotel Furka, Oberwald<\/td><\/tr><tr><td class=\"has-text-align-left\" data-align=\"left\"><strong>Bezahlung<\/strong><\/td><td class=\"has-text-align-left\" data-align=\"left\">TWINT oder in bar<\/td><\/tr><\/tbody><\/table><\/figure>\n<\/div>\n\n\n\n<div class=\"wp-block-column is-layout-flow wp-block-column-is-layout-flow\" style=\"flex-basis:66.66%\">\n<h5 class=\"wp-block-heading\">Lektionen<\/h5>\n\n\n\n<figure class=\"wp-block-table\"><table class=\"has-fixed-layout\"><tbody><tr><td class=\"has-text-align-left\" data-align=\"left\"><strong>Privatunterrich<\/strong>t<\/td><td class=\"has-text-align-right\" data-align=\"right\"><strong>Dauer<\/strong><\/td><td class=\"has-text-align-right\" data-align=\"right\"><strong>1 Person<\/strong><\/td><td class=\"has-text-align-right\" data-align=\"right\"><strong>2 Personen<\/strong><\/td><td class=\"has-text-align-right\" data-align=\"right\"><strong>jede weitere Person<\/strong><\/td><\/tr><tr><td class=\"has-text-align-left\" data-align=\"left\"><strong>Einzellektion<\/strong><\/td><td class=\"has-text-align-right\" data-align=\"right\">55 Min<\/td><td class=\"has-text-align-right\" data-align=\"right\">CHF 100<\/td><td class=\"has-text-align-right\" data-align=\"right\">CHF 120<\/td><td class=\"has-text-align-right\" data-align=\"right\">CHF 20<\/td><\/tr><tr><td class=\"has-text-align-left\" data-align=\"left\"><strong>Doppellektion<\/strong><\/td><td class=\"has-text-align-right\" data-align=\"right\">1h 55 Min<\/td><td class=\"has-text-align-right\" data-align=\"right\">CHF 200<\/td><td class=\"has-text-align-right\" data-align=\"right\">CHF 240<\/td><td class=\"has-text-align-right\" data-align=\"right\">CHF 40<\/td><\/tr><\/tbody><\/table><\/figure>\n\n\n\n<div class=\"wp-block-buttons is-content-justification-right is-layout-flex wp-container-core-buttons-is-layout-d445cf74 wp-block-buttons-is-layout-flex\">\n<div class=\"wp-block-button\"><a class=\"wp-block-button__link wp-element-button\" href=\"https:\/\/sssow.ch\/fr\/buchung-privatunterricht\/\">Anfrage Privatlektion<\/a><\/div>\n<\/div>\n<\/div>\n<\/div>\n","protected":false},"excerpt":{"rendered":"<p>Privatunterricht Klassisch und Skating Wir passen jede Lektion an Deine individuellen F\u00e4higkeiten, Erwartungen und Ziele an. Einsteiger f\u00fchren wir in die Welt [&hellip;]<\/p>\n","protected":false},"author":1,"featured_media":0,"parent":0,"menu_order":0,"comment_status":"closed","ping_status":"closed","template":"page-templates\/page_fullwidth.php","meta":{"footnotes":""},"class_list":["post-257","page","type-page","status-publish","hentry"],"_links":{"self":[{"href":"https:\/\/sssow.ch\/fr\/wp-json\/wp\/v2\/pages\/257","targetHints":{"allow":["GET"]}}],"collection":[{"href":"https:\/\/sssow.ch\/fr\/wp-json\/wp\/v2\/pages"}],"about":[{"href":"https:\/\/sssow.ch\/fr\/wp-json\/wp\/v2\/types\/page"}],"author":[{"embeddable":true,"href":"https:\/\/sssow.ch\/fr\/wp-json\/wp\/v2\/users\/1"}],"replies":[{"embeddable":true,"href":"https:\/\/sssow.ch\/fr\/wp-json\/wp\/v2\/comments?post=257"}],"version-history":[{"count":34,"href":"https:\/\/sssow.ch\/fr\/wp-json\/wp\/v2\/pages\/257\/revisions"}],"predecessor-version":[{"id":1031,"href":"https:\/\/sssow.ch\/fr\/wp-json\/wp\/v2\/pages\/257\/revisions\/1031"}],"wp:attachment":[{"href":"https:\/\/sssow.ch\/fr\/wp-json\/wp\/v2\/media?parent=257"}],"curies":[{"name":"wp","href":"https:\/\/api.w.org\/{rel}","templated":true}]}}