{"id":152,"date":"2024-09-08T21:43:25","date_gmt":"2024-09-08T21:43:25","guid":{"rendered":"https:\/\/ssog.ch\/?page_id=152"},"modified":"2024-11-22T15:12:16","modified_gmt":"2024-11-22T14:12:16","slug":"partner","status":"publish","type":"page","link":"https:\/\/sssow.ch\/fr\/partner\/","title":{"rendered":"Partner"},"content":{"rendered":"\n<div style=\"height:64px\" aria-hidden=\"true\" class=\"wp-block-spacer\"><\/div>\n\n\n\n<h2 class=\"wp-block-heading\">Partner<\/h2>\n\n\n\n<div style=\"height:64px\" aria-hidden=\"true\" class=\"wp-block-spacer\"><\/div>\n\n\n\n<div class=\"wp-block-columns is-layout-flex wp-container-core-columns-is-layout-28f84493 wp-block-columns-is-layout-flex\">\n<div class=\"wp-block-column is-layout-flow wp-block-column-is-layout-flow\">\n<figure class=\"wp-block-image size-large\"><a href=\"https:\/\/www.fls.coach\/\" target=\"_blank\" rel=\"noreferrer noopener\"><img loading=\"lazy\" decoding=\"async\" width=\"1024\" height=\"985\" src=\"https:\/\/sssow.ch\/fr\/wp-content\/uploads\/2024\/09\/FLS-Logo-1024x985.png\" alt=\"\" class=\"wp-image-642\" srcset=\"https:\/\/sssow.ch\/fr\/wp-content\/uploads\/2024\/09\/FLS-Logo-1024x985.png 1024w, https:\/\/sssow.ch\/fr\/wp-content\/uploads\/2024\/09\/FLS-Logo-300x289.png 300w, https:\/\/sssow.ch\/fr\/wp-content\/uploads\/2024\/09\/FLS-Logo-768x739.png 768w, https:\/\/sssow.ch\/fr\/wp-content\/uploads\/2024\/09\/FLS-Logo-1536x1478.png 1536w, https:\/\/sssow.ch\/fr\/wp-content\/uploads\/2024\/09\/FLS-Logo-2048x1971.png 2048w, https:\/\/sssow.ch\/fr\/wp-content\/uploads\/2024\/09\/FLS-Logo-1000x962.png 1000w, https:\/\/sssow.ch\/fr\/wp-content\/uploads\/2024\/09\/FLS-Logo-230x221.png 230w, https:\/\/sssow.ch\/fr\/wp-content\/uploads\/2024\/09\/FLS-Logo-350x337.png 350w, https:\/\/sssow.ch\/fr\/wp-content\/uploads\/2024\/09\/FLS-Logo-480x462.png 480w\" sizes=\"auto, (max-width: 1024px) 100vw, 1024px\" \/><\/a><\/figure>\n<\/div>\n\n\n\n<div class=\"wp-block-column is-vertically-aligned-center is-layout-flow wp-block-column-is-layout-flow\">\n<figure class=\"wp-block-image size-full\"><a href=\"https:\/\/hisport.ch\/\" target=\"_blank\" rel=\"noreferrer noopener\"><img loading=\"lazy\" decoding=\"async\" width=\"620\" height=\"295\" src=\"https:\/\/sssow.ch\/fr\/wp-content\/uploads\/2024\/09\/Hisport.png\" alt=\"\" class=\"wp-image-637\" srcset=\"https:\/\/sssow.ch\/fr\/wp-content\/uploads\/2024\/09\/Hisport.png 620w, https:\/\/sssow.ch\/fr\/wp-content\/uploads\/2024\/09\/Hisport-300x143.png 300w, https:\/\/sssow.ch\/fr\/wp-content\/uploads\/2024\/09\/Hisport-230x109.png 230w, https:\/\/sssow.ch\/fr\/wp-content\/uploads\/2024\/09\/Hisport-350x167.png 350w, https:\/\/sssow.ch\/fr\/wp-content\/uploads\/2024\/09\/Hisport-480x228.png 480w\" sizes=\"auto, (max-width: 620px) 100vw, 620px\" \/><\/a><\/figure>\n<\/div>\n\n\n\n<div class=\"wp-block-column is-vertically-aligned-center is-layout-flow wp-block-column-is-layout-flow\">\n<figure class=\"wp-block-image size-full\"><a href=\"https:\/\/www.skischule-muenster.ch\/\" target=\"_blank\" rel=\"noreferrer noopener\"><img loading=\"lazy\" decoding=\"async\" width=\"480\" height=\"480\" src=\"https:\/\/sssow.ch\/fr\/wp-content\/uploads\/2024\/10\/Skischule-Munster-02-1.png\" alt=\"\" class=\"wp-image-831\" srcset=\"https:\/\/sssow.ch\/fr\/wp-content\/uploads\/2024\/10\/Skischule-Munster-02-1.png 480w, https:\/\/sssow.ch\/fr\/wp-content\/uploads\/2024\/10\/Skischule-Munster-02-1-300x300.png 300w, https:\/\/sssow.ch\/fr\/wp-content\/uploads\/2024\/10\/Skischule-Munster-02-1-150x150.png 150w, https:\/\/sssow.ch\/fr\/wp-content\/uploads\/2024\/10\/Skischule-Munster-02-1-230x230.png 230w, https:\/\/sssow.ch\/fr\/wp-content\/uploads\/2024\/10\/Skischule-Munster-02-1-350x350.png 350w\" sizes=\"auto, (max-width: 480px) 100vw, 480px\" \/><\/a><\/figure>\n<\/div>\n<\/div>\n\n\n\n<div class=\"wp-block-columns is-layout-flex wp-container-core-columns-is-layout-28f84493 wp-block-columns-is-layout-flex\">\n<div class=\"wp-block-column is-layout-flow wp-block-column-is-layout-flow\">\n<p>Ein Langlauf Coaching Programm mit dem Ziel, den Langlaufstil effizienter zu machen und die Freude an der nat\u00fcrlichen Bewegung wieder zu erlangen. FLS- Kurse unter Angebote.<\/p>\n<\/div>\n\n\n\n<div class=\"wp-block-column is-layout-flow wp-block-column-is-layout-flow\">\n<p class=\"wp-container-content-69bc4bdf\">Grosse Auswahl an Langlauf-Ausr\u00fcstung und Sportbekleidung. Langj\u00e4hrige Erfahrung in der Skipr\u00e4paration. T\u00e4glicher Waxtipp f\u00fcr die Loipen im Goms.<br><\/p>\n<\/div>\n\n\n\n<div class=\"wp-block-column is-layout-flow wp-block-column-is-layout-flow\">\n<p>In M\u00fcnster-Geschinen finden Familien mit Kindern und Einsteiger in den Skisport beste Bedingungen. Unterricht f\u00fcr Ski und Snowboard gibt es bei der Skischule Goms \/ M\u00fcnster VS.<\/p>\n<\/div>\n<\/div>\n\n\n\n<div style=\"height:64px\" aria-hidden=\"true\" class=\"wp-block-spacer\"><\/div>\n\n\n\n<div class=\"wp-block-columns is-layout-flex wp-container-core-columns-is-layout-28f84493 wp-block-columns-is-layout-flex\">\n<div class=\"wp-block-column is-vertically-aligned-center is-layout-flow wp-block-column-is-layout-flow\">\n<figure class=\"wp-block-image size-full is-resized\"><a href=\"https:\/\/www.goms.ch\/\" target=\"_blank\" rel=\"noreferrer noopener\"><img loading=\"lazy\" decoding=\"async\" width=\"480\" height=\"417\" src=\"https:\/\/sssow.ch\/fr\/wp-content\/uploads\/2024\/09\/Goms-Tourismus-02-1.png\" alt=\"\" class=\"wp-image-730\" style=\"width:231px;height:auto\" srcset=\"https:\/\/sssow.ch\/fr\/wp-content\/uploads\/2024\/09\/Goms-Tourismus-02-1.png 480w, https:\/\/sssow.ch\/fr\/wp-content\/uploads\/2024\/09\/Goms-Tourismus-02-1-300x261.png 300w, https:\/\/sssow.ch\/fr\/wp-content\/uploads\/2024\/09\/Goms-Tourismus-02-1-230x200.png 230w, https:\/\/sssow.ch\/fr\/wp-content\/uploads\/2024\/09\/Goms-Tourismus-02-1-350x304.png 350w\" sizes=\"auto, (max-width: 480px) 100vw, 480px\" \/><\/a><\/figure>\n<\/div>\n\n\n\n<div class=\"wp-block-column is-vertically-aligned-center is-layout-flow wp-block-column-is-layout-flow\">\n<figure class=\"wp-block-image size-full\"><a href=\"https:\/\/www.matterhorngotthardbahn.ch\/de\/stories\/autoverlad-furka?gad_source=1\" target=\"_blank\" rel=\"noreferrer noopener\"><img loading=\"lazy\" decoding=\"async\" width=\"280\" height=\"55\" src=\"https:\/\/sssow.ch\/fr\/wp-content\/uploads\/2024\/09\/MGB.png\" alt=\"\" class=\"wp-image-731\" srcset=\"https:\/\/sssow.ch\/fr\/wp-content\/uploads\/2024\/09\/MGB.png 280w, https:\/\/sssow.ch\/fr\/wp-content\/uploads\/2024\/09\/MGB-230x45.png 230w\" sizes=\"auto, (max-width: 280px) 100vw, 280px\" \/><\/a><\/figure>\n<\/div>\n\n\n\n<div class=\"wp-block-column is-vertically-aligned-center is-layout-flow wp-block-column-is-layout-flow\">\n<figure class=\"wp-block-image size-full\"><a href=\"https:\/\/www.snowsports.ch\/\" target=\"_blank\" rel=\"noreferrer noopener\"><img loading=\"lazy\" decoding=\"async\" width=\"522\" height=\"79\" src=\"https:\/\/sssow.ch\/fr\/wp-content\/uploads\/2024\/09\/Swiss-Snowsports.png\" alt=\"\" class=\"wp-image-638\" srcset=\"https:\/\/sssow.ch\/fr\/wp-content\/uploads\/2024\/09\/Swiss-Snowsports.png 522w, https:\/\/sssow.ch\/fr\/wp-content\/uploads\/2024\/09\/Swiss-Snowsports-300x45.png 300w, https:\/\/sssow.ch\/fr\/wp-content\/uploads\/2024\/09\/Swiss-Snowsports-230x35.png 230w, https:\/\/sssow.ch\/fr\/wp-content\/uploads\/2024\/09\/Swiss-Snowsports-350x53.png 350w, https:\/\/sssow.ch\/fr\/wp-content\/uploads\/2024\/09\/Swiss-Snowsports-480x73.png 480w\" sizes=\"auto, (max-width: 522px) 100vw, 522px\" \/><\/a><\/figure>\n<\/div>\n<\/div>\n\n\n\n<div class=\"wp-block-columns is-layout-flex wp-container-core-columns-is-layout-28f84493 wp-block-columns-is-layout-flex\">\n<div class=\"wp-block-column is-layout-flow wp-block-column-is-layout-flow\">\n<p>Aktuelle Angebote, Geheimtipps und News aus dem Goms. Vielf\u00e4ltige Informationen zu den Langlaufloipen inklusive Wintersportbericht. <\/p>\n<\/div>\n\n\n\n<div class=\"wp-block-column is-layout-flow wp-block-column-is-layout-flow\">\n<p>Fahrplan f\u00fcr den Autoverlad in Oberwald und Realp.<\/p>\n<\/div>\n\n\n\n<div class=\"wp-block-column is-layout-flow wp-block-column-is-layout-flow\">\n<p>Swiss Snowsports bietet erstklassige Aus- und Weiterbildung f\u00fcr die Sportarten Ski, Snowboard, Langlauf und Telemark.<\/p>\n<\/div>\n<\/div>\n\n\n\n<div style=\"height:64px\" aria-hidden=\"true\" class=\"wp-block-spacer\"><\/div>\n\n\n\n<div class=\"wp-block-columns is-layout-flex wp-container-core-columns-is-layout-28f84493 wp-block-columns-is-layout-flex\">\n<div class=\"wp-block-column is-layout-flow wp-block-column-is-layout-flow\">\n<figure class=\"wp-block-image size-full\"><a href=\"https:\/\/belowzerowear.com\/\" target=\"_blank\" rel=\" noreferrer noopener\"><img loading=\"lazy\" decoding=\"async\" width=\"222\" height=\"160\" src=\"https:\/\/sssow.ch\/fr\/wp-content\/uploads\/2024\/11\/BelowZero-02.png\" alt=\"\" class=\"wp-image-1101\"\/><\/a><\/figure>\n<\/div>\n\n\n\n<div class=\"wp-block-column is-layout-flow wp-block-column-is-layout-flow\"><\/div>\n\n\n\n<div class=\"wp-block-column is-layout-flow wp-block-column-is-layout-flow\"><\/div>\n<\/div>\n\n\n\n<div class=\"wp-block-columns is-layout-flex wp-container-core-columns-is-layout-28f84493 wp-block-columns-is-layout-flex\">\n<div class=\"wp-block-column is-layout-flow wp-block-column-is-layout-flow\">\n<p>Die Schweizer Marke BELOWZERO begeistert mit hochwertiger und funktioneller Sport- und Freizeitbekleidung. Die neue Sportw\u00e4sche h\u00e4lt unser Team bei eisigen Temperaturen warm und fit!<\/p>\n<\/div>\n\n\n\n<div class=\"wp-block-column is-layout-flow wp-block-column-is-layout-flow\"><\/div>\n\n\n\n<div class=\"wp-block-column is-layout-flow wp-block-column-is-layout-flow\"><\/div>\n<\/div>\n","protected":false},"excerpt":{"rendered":"<p>Partner Ein Langlauf Coaching Programm mit dem Ziel, den Langlaufstil effizienter zu machen und die Freude an der nat\u00fcrlichen Bewegung wieder zu [&hellip;]<\/p>\n","protected":false},"author":1,"featured_media":0,"parent":0,"menu_order":0,"comment_status":"closed","ping_status":"closed","template":"page-templates\/page_fullwidth.php","meta":{"footnotes":""},"class_list":["post-152","page","type-page","status-publish","hentry"],"_links":{"self":[{"href":"https:\/\/sssow.ch\/fr\/wp-json\/wp\/v2\/pages\/152","targetHints":{"allow":["GET"]}}],"collection":[{"href":"https:\/\/sssow.ch\/fr\/wp-json\/wp\/v2\/pages"}],"about":[{"href":"https:\/\/sssow.ch\/fr\/wp-json\/wp\/v2\/types\/page"}],"author":[{"embeddable":true,"href":"https:\/\/sssow.ch\/fr\/wp-json\/wp\/v2\/users\/1"}],"replies":[{"embeddable":true,"href":"https:\/\/sssow.ch\/fr\/wp-json\/wp\/v2\/comments?post=152"}],"version-history":[{"count":46,"href":"https:\/\/sssow.ch\/fr\/wp-json\/wp\/v2\/pages\/152\/revisions"}],"predecessor-version":[{"id":1105,"href":"https:\/\/sssow.ch\/fr\/wp-json\/wp\/v2\/pages\/152\/revisions\/1105"}],"wp:attachment":[{"href":"https:\/\/sssow.ch\/fr\/wp-json\/wp\/v2\/media?parent=152"}],"curies":[{"name":"wp","href":"https:\/\/api.w.org\/{rel}","templated":true}]}}