{"id":137,"date":"2023-12-18T16:32:17","date_gmt":"2023-12-18T16:32:17","guid":{"rendered":"https:\/\/ssog.ch\/?page_id=137"},"modified":"2024-10-14T14:52:21","modified_gmt":"2024-10-14T12:52:21","slug":"angebote","status":"publish","type":"page","link":"https:\/\/sssow.ch\/fr\/langlaufschule-oberwald-goms\/angebote\/","title":{"rendered":"Angebote"},"content":{"rendered":"\n<div class=\"wp-block-cover alignfull is-light\" style=\"min-height:100vh;aspect-ratio:unset;\"><span aria-hidden=\"true\" class=\"wp-block-cover__background has-background-dim\" style=\"background-color:#b7c3ce\"><\/span><img loading=\"lazy\" decoding=\"async\" width=\"2560\" height=\"1631\" class=\"wp-block-cover__image-background wp-image-820\" alt=\"\" src=\"https:\/\/sssow.ch\/fr\/wp-content\/uploads\/2024\/09\/shutterstock_25779709-scaled.jpg\" data-object-fit=\"cover\" srcset=\"https:\/\/sssow.ch\/fr\/wp-content\/uploads\/2024\/09\/shutterstock_25779709-scaled.jpg 2560w, https:\/\/sssow.ch\/fr\/wp-content\/uploads\/2024\/09\/shutterstock_25779709-300x191.jpg 300w, https:\/\/sssow.ch\/fr\/wp-content\/uploads\/2024\/09\/shutterstock_25779709-1024x652.jpg 1024w, https:\/\/sssow.ch\/fr\/wp-content\/uploads\/2024\/09\/shutterstock_25779709-768x489.jpg 768w, https:\/\/sssow.ch\/fr\/wp-content\/uploads\/2024\/09\/shutterstock_25779709-1536x978.jpg 1536w, https:\/\/sssow.ch\/fr\/wp-content\/uploads\/2024\/09\/shutterstock_25779709-2048x1305.jpg 2048w, https:\/\/sssow.ch\/fr\/wp-content\/uploads\/2024\/09\/shutterstock_25779709-1000x637.jpg 1000w, https:\/\/sssow.ch\/fr\/wp-content\/uploads\/2024\/09\/shutterstock_25779709-230x147.jpg 230w, https:\/\/sssow.ch\/fr\/wp-content\/uploads\/2024\/09\/shutterstock_25779709-350x223.jpg 350w, https:\/\/sssow.ch\/fr\/wp-content\/uploads\/2024\/09\/shutterstock_25779709-480x306.jpg 480w\" sizes=\"auto, (max-width: 2560px) 100vw, 2560px\" \/><div class=\"wp-block-cover__inner-container has-global-padding is-layout-constrained wp-block-cover-is-layout-constrained\">\n<h1 class=\"wp-block-heading has-text-align-center\">Von den Langlauf-Experten lernen<\/h1>\n\n\n\n<p class=\"has-medium-font-size\">Wir m\u00f6chten, dass Du Freude am Langlaufen hast und die wunderbare Winterlandschaft des Obergoms geniessen kannst. Jede Lektion wird individuell auf Deine F\u00e4higkeiten, Deine Bed\u00fcrfnisse und Deine W\u00fcnsche ausgerichtet. Gerne beraten wir Dich, welche Form des Unterrichts f\u00fcr deine Ziele am besten geeignet ist. <\/p>\n\n\n\n<div style=\"height:63px\" aria-hidden=\"true\" class=\"wp-block-spacer\"><\/div>\n\n\n\n<div class=\"wp-block-columns is-layout-flex wp-container-core-columns-is-layout-28f84493 wp-block-columns-is-layout-flex\">\n<div class=\"wp-block-column is-layout-flow wp-block-column-is-layout-flow\">\n<div class=\"wp-block-buttons is-content-justification-center is-layout-flex wp-container-core-buttons-is-layout-a89b3969 wp-block-buttons-is-layout-flex\">\n<div class=\"wp-block-button has-custom-width wp-block-button__width-100 is-style-fill\"><a class=\"wp-block-button__link wp-element-button\" href=\"https:\/\/sssow.ch\/fr\/angebot-privatunterricht\/\">Privatunterricht<\/a><\/div>\n<\/div>\n<\/div>\n\n\n\n<div class=\"wp-block-column is-layout-flow wp-block-column-is-layout-flow\">\n<div class=\"wp-block-buttons is-content-justification-center is-layout-flex wp-container-core-buttons-is-layout-23a043ba wp-block-buttons-is-layout-flex\">\n<div class=\"wp-block-button has-custom-width wp-block-button__width-100\"><a class=\"wp-block-button__link wp-element-button\">Klassisch Camp<\/a><\/div>\n<\/div>\n<\/div>\n\n\n\n<div class=\"wp-block-column is-layout-flow wp-block-column-is-layout-flow\">\n<div class=\"wp-block-buttons is-content-justification-center is-layout-flex wp-container-core-buttons-is-layout-a89b3969 wp-block-buttons-is-layout-flex\">\n<div class=\"wp-block-button has-custom-width wp-block-button__width-100 is-style-fill\"><a class=\"wp-block-button__link wp-element-button\" href=\"https:\/\/sssow.ch\/fr\/angebot-skating-trainingscamp\/\">Skating Camp<\/a><\/div>\n<\/div>\n<\/div>\n<\/div>\n\n\n\n<div class=\"wp-block-columns is-layout-flex wp-container-core-columns-is-layout-28f84493 wp-block-columns-is-layout-flex\">\n<div class=\"wp-block-column is-layout-flow wp-block-column-is-layout-flow\">\n<div class=\"wp-block-buttons is-layout-flex wp-block-buttons-is-layout-flex\">\n<div class=\"wp-block-button has-custom-width wp-block-button__width-100\"><a class=\"wp-block-button__link wp-element-button\" href=\"https:\/\/sssow.ch\/fr\/angebot-womens-camp\/\">Womens Camp<\/a><\/div>\n<\/div>\n<\/div>\n\n\n\n<div class=\"wp-block-column is-layout-flow wp-block-column-is-layout-flow\">\n<div class=\"wp-block-buttons is-layout-flex wp-block-buttons-is-layout-flex\">\n<div class=\"wp-block-button has-custom-width wp-block-button__width-100 is-style-fill\"><a class=\"wp-block-button__link wp-element-button\" href=\"https:\/\/sssow.ch\/fr\/angebot-video-coaching\/\">Video Coaching<\/a><\/div>\n<\/div>\n<\/div>\n\n\n\n<div class=\"wp-block-column is-vertically-aligned-stretch is-layout-flow wp-block-column-is-layout-flow\">\n<div class=\"wp-block-buttons is-content-justification-center is-layout-flex wp-container-core-buttons-is-layout-1fb448e7 wp-block-buttons-is-layout-flex\">\n<div class=\"wp-block-button has-custom-width wp-block-button__width-100 is-style-fill\"><a class=\"wp-block-button__link has-text-align-center wp-element-button\" href=\"https:\/\/sssow.ch\/fr\/angebot-fls-coaching\/\">FLS Coaching<\/a><\/div>\n<\/div>\n<\/div>\n<\/div>\n<\/div><\/div>\n","protected":false},"excerpt":{"rendered":"","protected":false},"author":1,"featured_media":0,"parent":28,"menu_order":0,"comment_status":"closed","ping_status":"closed","template":"page-templates\/page_fullwidth.php","meta":{"footnotes":""},"class_list":["post-137","page","type-page","status-publish","hentry"],"_links":{"self":[{"href":"https:\/\/sssow.ch\/fr\/wp-json\/wp\/v2\/pages\/137","targetHints":{"allow":["GET"]}}],"collection":[{"href":"https:\/\/sssow.ch\/fr\/wp-json\/wp\/v2\/pages"}],"about":[{"href":"https:\/\/sssow.ch\/fr\/wp-json\/wp\/v2\/types\/page"}],"author":[{"embeddable":true,"href":"https:\/\/sssow.ch\/fr\/wp-json\/wp\/v2\/users\/1"}],"replies":[{"embeddable":true,"href":"https:\/\/sssow.ch\/fr\/wp-json\/wp\/v2\/comments?post=137"}],"version-history":[{"count":52,"href":"https:\/\/sssow.ch\/fr\/wp-json\/wp\/v2\/pages\/137\/revisions"}],"predecessor-version":[{"id":1024,"href":"https:\/\/sssow.ch\/fr\/wp-json\/wp\/v2\/pages\/137\/revisions\/1024"}],"up":[{"embeddable":true,"href":"https:\/\/sssow.ch\/fr\/wp-json\/wp\/v2\/pages\/28"}],"wp:attachment":[{"href":"https:\/\/sssow.ch\/fr\/wp-json\/wp\/v2\/media?parent=137"}],"curies":[{"name":"wp","href":"https:\/\/api.w.org\/{rel}","templated":true}]}}