{"id":126,"date":"2023-12-18T16:22:30","date_gmt":"2023-12-18T16:22:30","guid":{"rendered":"https:\/\/ssog.ch\/?page_id=126"},"modified":"2024-10-28T15:29:59","modified_gmt":"2024-10-28T14:29:59","slug":"team","status":"publish","type":"page","link":"https:\/\/sssow.ch\/fr\/langlaufschule-oberwald-goms\/team\/","title":{"rendered":"Team"},"content":{"rendered":"\n<h2 class=\"wp-block-heading has-text-align-center\">Ein top-motiviertes Ausbildungsteam<\/h2>\n\n\n\n<p class=\"has-text-align-center\">Wir sind ein Team, bestehend aus Experten auf verschiedenen Gebieten, die alle die Leidenschaft f\u00fcr das Langlaufen und den Schneesport teilen.<\/p>\n\n\n\n<figure class=\"wp-block-image aligncenter size-full is-resized\"><img loading=\"lazy\" decoding=\"async\" width=\"2560\" height=\"1674\" src=\"https:\/\/sssow.ch\/fr\/wp-content\/uploads\/2024\/09\/IMG_9407-scaled.jpeg\" alt=\"\" class=\"wp-image-621\" style=\"width:968px;height:auto\" srcset=\"https:\/\/sssow.ch\/fr\/wp-content\/uploads\/2024\/09\/IMG_9407-scaled.jpeg 2560w, https:\/\/sssow.ch\/fr\/wp-content\/uploads\/2024\/09\/IMG_9407-300x196.jpeg 300w, https:\/\/sssow.ch\/fr\/wp-content\/uploads\/2024\/09\/IMG_9407-1024x669.jpeg 1024w, https:\/\/sssow.ch\/fr\/wp-content\/uploads\/2024\/09\/IMG_9407-768x502.jpeg 768w, https:\/\/sssow.ch\/fr\/wp-content\/uploads\/2024\/09\/IMG_9407-1536x1004.jpeg 1536w, https:\/\/sssow.ch\/fr\/wp-content\/uploads\/2024\/09\/IMG_9407-2048x1339.jpeg 2048w, https:\/\/sssow.ch\/fr\/wp-content\/uploads\/2024\/09\/IMG_9407-1000x654.jpeg 1000w, https:\/\/sssow.ch\/fr\/wp-content\/uploads\/2024\/09\/IMG_9407-230x150.jpeg 230w, https:\/\/sssow.ch\/fr\/wp-content\/uploads\/2024\/09\/IMG_9407-350x229.jpeg 350w, https:\/\/sssow.ch\/fr\/wp-content\/uploads\/2024\/09\/IMG_9407-480x314.jpeg 480w\" sizes=\"auto, (max-width: 2560px) 100vw, 2560px\" \/><\/figure>\n\n\n\n<div class=\"wp-block-columns is-layout-flex wp-container-core-columns-is-layout-28f84493 wp-block-columns-is-layout-flex\">\n<div class=\"wp-block-column is-layout-flow wp-block-column-is-layout-flow\">\n<h4 class=\"wp-block-heading\">Ausbildung<\/h4>\n\n\n\n<p>Wir legen grossen Wert auf die Qualit\u00e4t der Ausbildung unserer Langlauflehrerinnen und Langlauflehrer. Alle Lehrpersonen haben eine anerkannte Ausbildung absolviert. Mit regelm\u00e4ssigen Weiterbildungen halten wir uns stets auf dem neusten Stand. Unsere G\u00e4ste profitieren dadurch von einem hochstehenden und abwechslungsreichen Unterricht.<\/p>\n<\/div>\n\n\n\n<div class=\"wp-block-column is-layout-flow wp-block-column-is-layout-flow\">\n<h4 class=\"wp-block-heading\">Erfahrung<\/h4>\n\n\n\n<p>Unsere Instruktorinnen und Instruktoren verf\u00fcgen alle \u00fcber langj\u00e4hrige Unterrichtserfahrung. Sie bieten eine strukturierte Einf\u00fchrung in Skating und Klassisch oder helfen dir durch gezielte \u00dcbungen, deine Langlauftechnik weiter zu verbessern. Dank individuellem Unterricht macht das Lernen Spass, und du erzielst schnell Fortschritte. &nbsp;<\/p>\n<\/div>\n\n\n\n<div class=\"wp-block-column is-layout-flow wp-block-column-is-layout-flow\">\n<h4 class=\"wp-block-heading\">Passion<\/h4>\n\n\n\n<p>Wir alle teilen eine grosse Leidenschaft f\u00fcr den Langlaufsport. Diese Begeisterung sp\u00fcrt man in jedem Unterricht. Mit Herzblut und Hingabe motivieren wir unsere G\u00e4ste, die Faszination des Langlaufens selbst zu erleben. Die Freude am Sport und am Unterrichten ist ansteckend und schafft eine inspirierende Lernatmosph\u00e4re.<\/p>\n\n\n\n<p><\/p>\n<\/div>\n<\/div>\n\n\n\n<div style=\"height:67px\" aria-hidden=\"true\" class=\"wp-block-spacer\"><\/div>\n\n\n\n<div class=\"wp-block-group is-layout-grid wp-container-core-group-is-layout-478b6e6b wp-block-group-is-layout-grid\">\n<div class=\"wp-block-columns is-layout-flex wp-container-core-columns-is-layout-28f84493 wp-block-columns-is-layout-flex\">\n<div class=\"wp-block-column is-layout-flow wp-block-column-is-layout-flow\">\n<figure class=\"wp-block-image size-full\"><img loading=\"lazy\" decoding=\"async\" width=\"480\" height=\"480\" src=\"https:\/\/sssow.ch\/fr\/wp-content\/uploads\/2023\/12\/damian-hischier.png\" alt=\"\" class=\"wp-image-98\" srcset=\"https:\/\/sssow.ch\/fr\/wp-content\/uploads\/2023\/12\/damian-hischier.png 480w, https:\/\/sssow.ch\/fr\/wp-content\/uploads\/2023\/12\/damian-hischier-300x300.png 300w, https:\/\/sssow.ch\/fr\/wp-content\/uploads\/2023\/12\/damian-hischier-150x150.png 150w, https:\/\/sssow.ch\/fr\/wp-content\/uploads\/2023\/12\/damian-hischier-230x230.png 230w, https:\/\/sssow.ch\/fr\/wp-content\/uploads\/2023\/12\/damian-hischier-350x350.png 350w\" sizes=\"auto, (max-width: 480px) 100vw, 480px\" \/><\/figure>\n\n\n\n<h6 class=\"wp-block-heading\" style=\"line-height:1.4\">Damian Hischier<\/h6>\n\n\n\n<p>Inhaber der Langlaufschule Oberwald und Langlauf-Experte<\/p>\n<\/div>\n<\/div>\n\n\n\n<div class=\"wp-block-columns is-layout-flex wp-container-core-columns-is-layout-28f84493 wp-block-columns-is-layout-flex\">\n<div class=\"wp-block-column is-layout-flow wp-block-column-is-layout-flow\">\n<figure class=\"wp-block-image size-full\"><img loading=\"lazy\" decoding=\"async\" width=\"480\" height=\"481\" src=\"https:\/\/sssow.ch\/fr\/wp-content\/uploads\/2023\/12\/daniel-schaffo.png\" alt=\"\" class=\"wp-image-99\" srcset=\"https:\/\/sssow.ch\/fr\/wp-content\/uploads\/2023\/12\/daniel-schaffo.png 480w, https:\/\/sssow.ch\/fr\/wp-content\/uploads\/2023\/12\/daniel-schaffo-300x300.png 300w, https:\/\/sssow.ch\/fr\/wp-content\/uploads\/2023\/12\/daniel-schaffo-150x150.png 150w, https:\/\/sssow.ch\/fr\/wp-content\/uploads\/2023\/12\/daniel-schaffo-230x230.png 230w, https:\/\/sssow.ch\/fr\/wp-content\/uploads\/2023\/12\/daniel-schaffo-350x351.png 350w\" sizes=\"auto, (max-width: 480px) 100vw, 480px\" \/><\/figure>\n\n\n\n<h6 class=\"wp-block-heading\" style=\"line-height:1.4\">Daniel Schaffo<\/h6>\n\n\n\n<p>Leiter Langlaufschule und Instruktor Langlauf<\/p>\n<\/div>\n<\/div>\n\n\n\n<div class=\"wp-block-columns is-layout-flex wp-container-core-columns-is-layout-28f84493 wp-block-columns-is-layout-flex\">\n<div class=\"wp-block-column is-layout-flow wp-block-column-is-layout-flow\">\n<figure class=\"wp-block-image size-full\"><img loading=\"lazy\" decoding=\"async\" width=\"479\" height=\"479\" src=\"https:\/\/sssow.ch\/fr\/wp-content\/uploads\/2023\/12\/sandy-rauch-e1730122598555.png\" alt=\"\" class=\"wp-image-104\" srcset=\"https:\/\/sssow.ch\/fr\/wp-content\/uploads\/2023\/12\/sandy-rauch-e1730122598555.png 479w, https:\/\/sssow.ch\/fr\/wp-content\/uploads\/2023\/12\/sandy-rauch-e1730122598555-300x300.png 300w, https:\/\/sssow.ch\/fr\/wp-content\/uploads\/2023\/12\/sandy-rauch-e1730122598555-150x150.png 150w, https:\/\/sssow.ch\/fr\/wp-content\/uploads\/2023\/12\/sandy-rauch-e1730122598555-230x230.png 230w, https:\/\/sssow.ch\/fr\/wp-content\/uploads\/2023\/12\/sandy-rauch-e1730122598555-350x350.png 350w\" sizes=\"auto, (max-width: 479px) 100vw, 479px\" \/><\/figure>\n\n\n\n<h6 class=\"wp-block-heading\">Sandy Rauch<\/h6>\n\n\n\n<p>Langlauf-Expertin<\/p>\n<\/div>\n<\/div>\n\n\n\n<div class=\"wp-block-columns is-layout-flex wp-container-core-columns-is-layout-28f84493 wp-block-columns-is-layout-flex\">\n<div class=\"wp-block-column is-layout-flow wp-block-column-is-layout-flow\">\n<figure class=\"wp-block-image size-full\"><img loading=\"lazy\" decoding=\"async\" width=\"480\" height=\"480\" src=\"https:\/\/sssow.ch\/fr\/wp-content\/uploads\/2023\/12\/kathirn-minnig-gsponer.png\" alt=\"\" class=\"wp-image-101\" srcset=\"https:\/\/sssow.ch\/fr\/wp-content\/uploads\/2023\/12\/kathirn-minnig-gsponer.png 480w, https:\/\/sssow.ch\/fr\/wp-content\/uploads\/2023\/12\/kathirn-minnig-gsponer-300x300.png 300w, https:\/\/sssow.ch\/fr\/wp-content\/uploads\/2023\/12\/kathirn-minnig-gsponer-150x150.png 150w, https:\/\/sssow.ch\/fr\/wp-content\/uploads\/2023\/12\/kathirn-minnig-gsponer-230x230.png 230w, https:\/\/sssow.ch\/fr\/wp-content\/uploads\/2023\/12\/kathirn-minnig-gsponer-350x350.png 350w\" sizes=\"auto, (max-width: 480px) 100vw, 480px\" \/><\/figure>\n\n\n\n<h6 class=\"wp-block-heading\">Kathrin Minnig-Gsponer<\/h6>\n\n\n\n<p>Instruktorin Langlauf<\/p>\n<\/div>\n<\/div>\n\n\n\n<div class=\"wp-block-columns is-layout-flex wp-container-core-columns-is-layout-28f84493 wp-block-columns-is-layout-flex\">\n<div class=\"wp-block-column is-layout-flow wp-block-column-is-layout-flow\">\n<figure class=\"wp-block-image size-full\"><img loading=\"lazy\" decoding=\"async\" width=\"480\" height=\"480\" src=\"https:\/\/sssow.ch\/fr\/wp-content\/uploads\/2023\/12\/christine-jordi.png\" alt=\"\" class=\"wp-image-96\" srcset=\"https:\/\/sssow.ch\/fr\/wp-content\/uploads\/2023\/12\/christine-jordi.png 480w, https:\/\/sssow.ch\/fr\/wp-content\/uploads\/2023\/12\/christine-jordi-300x300.png 300w, https:\/\/sssow.ch\/fr\/wp-content\/uploads\/2023\/12\/christine-jordi-150x150.png 150w, https:\/\/sssow.ch\/fr\/wp-content\/uploads\/2023\/12\/christine-jordi-230x230.png 230w, https:\/\/sssow.ch\/fr\/wp-content\/uploads\/2023\/12\/christine-jordi-350x350.png 350w\" sizes=\"auto, (max-width: 480px) 100vw, 480px\" \/><\/figure>\n\n\n\n<h6 class=\"wp-block-heading\">Christine Jordi<\/h6>\n\n\n\n<p>Instruktorin Langlauf<\/p>\n<\/div>\n<\/div>\n\n\n\n<div class=\"wp-block-columns is-layout-flex wp-container-core-columns-is-layout-28f84493 wp-block-columns-is-layout-flex\">\n<div class=\"wp-block-column is-layout-flow wp-block-column-is-layout-flow\">\n<figure class=\"wp-block-image size-full\"><img loading=\"lazy\" decoding=\"async\" width=\"480\" height=\"480\" src=\"https:\/\/sssow.ch\/fr\/wp-content\/uploads\/2024\/10\/martin-himma.png\" alt=\"\" class=\"wp-image-1091\" srcset=\"https:\/\/sssow.ch\/fr\/wp-content\/uploads\/2024\/10\/martin-himma.png 480w, https:\/\/sssow.ch\/fr\/wp-content\/uploads\/2024\/10\/martin-himma-300x300.png 300w, https:\/\/sssow.ch\/fr\/wp-content\/uploads\/2024\/10\/martin-himma-150x150.png 150w, https:\/\/sssow.ch\/fr\/wp-content\/uploads\/2024\/10\/martin-himma-230x230.png 230w, https:\/\/sssow.ch\/fr\/wp-content\/uploads\/2024\/10\/martin-himma-350x350.png 350w\" sizes=\"auto, (max-width: 480px) 100vw, 480px\" \/><\/figure>\n\n\n\n<h6 class=\"wp-block-heading\">Martina Himma<\/h6>\n\n\n\n<p>Instruktorin Langlauf<\/p>\n<\/div>\n<\/div>\n\n\n\n<div class=\"wp-block-columns is-layout-flex wp-container-core-columns-is-layout-28f84493 wp-block-columns-is-layout-flex\">\n<div class=\"wp-block-column is-layout-flow wp-block-column-is-layout-flow\">\n<figure class=\"wp-block-image size-full\"><img loading=\"lazy\" decoding=\"async\" width=\"480\" height=\"480\" src=\"https:\/\/sssow.ch\/fr\/wp-content\/uploads\/2023\/12\/markus-jordi.png\" alt=\"\" class=\"wp-image-102\" srcset=\"https:\/\/sssow.ch\/fr\/wp-content\/uploads\/2023\/12\/markus-jordi.png 480w, https:\/\/sssow.ch\/fr\/wp-content\/uploads\/2023\/12\/markus-jordi-300x300.png 300w, https:\/\/sssow.ch\/fr\/wp-content\/uploads\/2023\/12\/markus-jordi-150x150.png 150w, https:\/\/sssow.ch\/fr\/wp-content\/uploads\/2023\/12\/markus-jordi-230x230.png 230w, https:\/\/sssow.ch\/fr\/wp-content\/uploads\/2023\/12\/markus-jordi-350x350.png 350w\" sizes=\"auto, (max-width: 480px) 100vw, 480px\" \/><\/figure>\n\n\n\n<h6 class=\"wp-block-heading\">Markus Jordi<\/h6>\n\n\n\n<p>Instruktor Langlauf<\/p>\n<\/div>\n<\/div>\n\n\n\n<div class=\"wp-block-columns is-layout-flex wp-container-core-columns-is-layout-28f84493 wp-block-columns-is-layout-flex\">\n<div class=\"wp-block-column is-layout-flow wp-block-column-is-layout-flow\">\n<figure class=\"wp-block-image size-full\"><img loading=\"lazy\" decoding=\"async\" width=\"480\" height=\"480\" src=\"https:\/\/sssow.ch\/fr\/wp-content\/uploads\/2023\/12\/norbert-bucheli-e1726445608902.png\" alt=\"\" class=\"wp-image-103\" srcset=\"https:\/\/sssow.ch\/fr\/wp-content\/uploads\/2023\/12\/norbert-bucheli-e1726445608902.png 480w, https:\/\/sssow.ch\/fr\/wp-content\/uploads\/2023\/12\/norbert-bucheli-e1726445608902-300x300.png 300w, https:\/\/sssow.ch\/fr\/wp-content\/uploads\/2023\/12\/norbert-bucheli-e1726445608902-150x150.png 150w, https:\/\/sssow.ch\/fr\/wp-content\/uploads\/2023\/12\/norbert-bucheli-e1726445608902-230x230.png 230w, https:\/\/sssow.ch\/fr\/wp-content\/uploads\/2023\/12\/norbert-bucheli-e1726445608902-350x350.png 350w\" sizes=\"auto, (max-width: 480px) 100vw, 480px\" \/><\/figure>\n\n\n\n<h6 class=\"wp-block-heading\">Norbert Bucheli<\/h6>\n\n\n\n<p>Instruktor Langlauf<\/p>\n<\/div>\n<\/div>\n\n\n\n<div class=\"wp-block-columns is-layout-flex wp-container-core-columns-is-layout-28f84493 wp-block-columns-is-layout-flex\">\n<div class=\"wp-block-column is-layout-flow wp-block-column-is-layout-flow\">\n<figure class=\"wp-block-image size-full\"><img loading=\"lazy\" decoding=\"async\" width=\"480\" height=\"480\" src=\"https:\/\/sssow.ch\/fr\/wp-content\/uploads\/2023\/12\/urs-stalder.png\" alt=\"\" class=\"wp-image-106\" srcset=\"https:\/\/sssow.ch\/fr\/wp-content\/uploads\/2023\/12\/urs-stalder.png 480w, https:\/\/sssow.ch\/fr\/wp-content\/uploads\/2023\/12\/urs-stalder-300x300.png 300w, https:\/\/sssow.ch\/fr\/wp-content\/uploads\/2023\/12\/urs-stalder-150x150.png 150w, https:\/\/sssow.ch\/fr\/wp-content\/uploads\/2023\/12\/urs-stalder-230x230.png 230w, https:\/\/sssow.ch\/fr\/wp-content\/uploads\/2023\/12\/urs-stalder-350x350.png 350w\" sizes=\"auto, (max-width: 480px) 100vw, 480px\" \/><\/figure>\n\n\n\n<h6 class=\"wp-block-heading\">Urs Stalder<\/h6>\n\n\n\n<p>Instruktor Langlauf<\/p>\n<\/div>\n<\/div>\n\n\n\n<div class=\"wp-block-columns is-layout-flex wp-container-core-columns-is-layout-28f84493 wp-block-columns-is-layout-flex\">\n<div class=\"wp-block-column is-layout-flow wp-block-column-is-layout-flow\">\n<figure class=\"wp-block-image size-full\"><img loading=\"lazy\" decoding=\"async\" width=\"480\" height=\"480\" src=\"https:\/\/sssow.ch\/fr\/wp-content\/uploads\/2023\/12\/andre-Eggimann.png\" alt=\"\" class=\"wp-image-95\" srcset=\"https:\/\/sssow.ch\/fr\/wp-content\/uploads\/2023\/12\/andre-Eggimann.png 480w, https:\/\/sssow.ch\/fr\/wp-content\/uploads\/2023\/12\/andre-Eggimann-300x300.png 300w, https:\/\/sssow.ch\/fr\/wp-content\/uploads\/2023\/12\/andre-Eggimann-150x150.png 150w, https:\/\/sssow.ch\/fr\/wp-content\/uploads\/2023\/12\/andre-Eggimann-230x230.png 230w, https:\/\/sssow.ch\/fr\/wp-content\/uploads\/2023\/12\/andre-Eggimann-350x350.png 350w\" sizes=\"auto, (max-width: 480px) 100vw, 480px\" \/><\/figure>\n\n\n\n<h6 class=\"wp-block-heading\">Andr\u00e9 Eggimann<\/h6>\n\n\n\n<p>Instruktor Langlauf<\/p>\n<\/div>\n<\/div>\n\n\n\n<div class=\"wp-block-columns is-layout-flex wp-container-core-columns-is-layout-28f84493 wp-block-columns-is-layout-flex\">\n<div class=\"wp-block-column is-layout-flow wp-block-column-is-layout-flow\">\n<figure class=\"wp-block-image size-full\"><img loading=\"lazy\" decoding=\"async\" width=\"480\" height=\"480\" src=\"https:\/\/sssow.ch\/fr\/wp-content\/uploads\/2023\/12\/thomas-himmel.png\" alt=\"\" class=\"wp-image-105\" srcset=\"https:\/\/sssow.ch\/fr\/wp-content\/uploads\/2023\/12\/thomas-himmel.png 480w, https:\/\/sssow.ch\/fr\/wp-content\/uploads\/2023\/12\/thomas-himmel-300x300.png 300w, https:\/\/sssow.ch\/fr\/wp-content\/uploads\/2023\/12\/thomas-himmel-150x150.png 150w, https:\/\/sssow.ch\/fr\/wp-content\/uploads\/2023\/12\/thomas-himmel-230x230.png 230w, https:\/\/sssow.ch\/fr\/wp-content\/uploads\/2023\/12\/thomas-himmel-350x350.png 350w\" sizes=\"auto, (max-width: 480px) 100vw, 480px\" \/><\/figure>\n\n\n\n<h6 class=\"wp-block-heading\">Thomas Himmel<\/h6>\n\n\n\n<p>Instruktor Langlauf<\/p>\n<\/div>\n<\/div>\n\n\n\n<div class=\"wp-block-columns is-layout-flex wp-container-core-columns-is-layout-28f84493 wp-block-columns-is-layout-flex\">\n<div class=\"wp-block-column is-layout-flow wp-block-column-is-layout-flow\">\n<figure class=\"wp-block-image size-full\"><img loading=\"lazy\" decoding=\"async\" width=\"480\" height=\"477\" src=\"https:\/\/sssow.ch\/fr\/wp-content\/uploads\/2023\/12\/jean-michel-despont.png\" alt=\"\" class=\"wp-image-100\" srcset=\"https:\/\/sssow.ch\/fr\/wp-content\/uploads\/2023\/12\/jean-michel-despont.png 480w, https:\/\/sssow.ch\/fr\/wp-content\/uploads\/2023\/12\/jean-michel-despont-300x298.png 300w, https:\/\/sssow.ch\/fr\/wp-content\/uploads\/2023\/12\/jean-michel-despont-150x150.png 150w, https:\/\/sssow.ch\/fr\/wp-content\/uploads\/2023\/12\/jean-michel-despont-230x229.png 230w, https:\/\/sssow.ch\/fr\/wp-content\/uploads\/2023\/12\/jean-michel-despont-350x348.png 350w\" sizes=\"auto, (max-width: 480px) 100vw, 480px\" \/><\/figure>\n\n\n\n<h6 class=\"wp-block-heading\">Jean-Michel Despont<\/h6>\n\n\n\n<p>Instruktor Langlauf<\/p>\n<\/div>\n<\/div>\n<\/div>\n\n\n\n<p><\/p>\n","protected":false},"excerpt":{"rendered":"<p>Ein top-motiviertes Ausbildungsteam Wir sind ein Team, bestehend aus Experten auf verschiedenen Gebieten, die alle die Leidenschaft f\u00fcr das Langlaufen und den [&hellip;]<\/p>\n","protected":false},"author":1,"featured_media":0,"parent":28,"menu_order":0,"comment_status":"closed","ping_status":"closed","template":"page-templates\/page_fullwidth.php","meta":{"footnotes":""},"class_list":["post-126","page","type-page","status-publish","hentry"],"_links":{"self":[{"href":"https:\/\/sssow.ch\/fr\/wp-json\/wp\/v2\/pages\/126","targetHints":{"allow":["GET"]}}],"collection":[{"href":"https:\/\/sssow.ch\/fr\/wp-json\/wp\/v2\/pages"}],"about":[{"href":"https:\/\/sssow.ch\/fr\/wp-json\/wp\/v2\/types\/page"}],"author":[{"embeddable":true,"href":"https:\/\/sssow.ch\/fr\/wp-json\/wp\/v2\/users\/1"}],"replies":[{"embeddable":true,"href":"https:\/\/sssow.ch\/fr\/wp-json\/wp\/v2\/comments?post=126"}],"version-history":[{"count":41,"href":"https:\/\/sssow.ch\/fr\/wp-json\/wp\/v2\/pages\/126\/revisions"}],"predecessor-version":[{"id":1093,"href":"https:\/\/sssow.ch\/fr\/wp-json\/wp\/v2\/pages\/126\/revisions\/1093"}],"up":[{"embeddable":true,"href":"https:\/\/sssow.ch\/fr\/wp-json\/wp\/v2\/pages\/28"}],"wp:attachment":[{"href":"https:\/\/sssow.ch\/fr\/wp-json\/wp\/v2\/media?parent=126"}],"curies":[{"name":"wp","href":"https:\/\/api.w.org\/{rel}","templated":true}]}}